{"id":9,"date":"2024-04-18T13:21:25","date_gmt":"2024-04-18T13:21:25","guid":{"rendered":"https:\/\/dev.ancalagon.be\/?page_id=9"},"modified":"2024-09-04T14:01:15","modified_gmt":"2024-09-04T14:01:15","slug":"about","status":"publish","type":"page","link":"https:\/\/www.ancalagon.be\/?page_id=9","title":{"rendered":"\u00c0 propos de nous"},"content":{"rendered":"\n<div style=\"height:36px\" aria-hidden=\"true\" class=\"wp-block-spacer\"><\/div>\n\n\n\n<div class=\"wp-block-cover has-parallax\" style=\"min-height:220px;aspect-ratio:unset;\"><span aria-hidden=\"true\" class=\"wp-block-cover__background has-nv-dark-bg-background-color has-background-dim\"><\/span><div class=\"wp-block-cover__image-background wp-image-38 has-parallax\" style=\"background-position:50% 50%;background-image:url(http:\/\/www.ancalagon.be\/wp-content\/uploads\/2024\/04\/wallpaper_ancalagon_dev-scaled.jpg)\"><\/div><div class=\"wp-block-cover__inner-container is-layout-constrained wp-block-cover-is-layout-constrained\">\n<hr class=\"wp-block-separator has-alpha-channel-opacity\"\/>\n\n\n\n<p class=\"has-text-align-center has-nv-text-dark-bg-color has-text-color has-link-color has-medium-font-size wp-elements-c50ed9cf0d2a97390f3b141c64ab563f\" style=\"font-style:normal;font-weight:700\">Votre partenaire informatique de confiance, sp\u00e9cialis\u00e9 dans la gestion d\u2019infrastructure IT, le stockage haute performance, la surveillance proactive et la s\u00e9curit\u00e9 \u00e0 toute \u00e9preuve.<\/p>\n\n\n\n<hr class=\"wp-block-separator has-alpha-channel-opacity\"\/>\n<\/div><\/div>\n\n\n\n<div style=\"height:36px\" aria-hidden=\"true\" class=\"wp-block-spacer\"><\/div>\n\n\n\n<div class=\"wp-block-cover is-light\" style=\"min-height:980px;aspect-ratio:unset;\"><span aria-hidden=\"true\" class=\"wp-block-cover__background has-nv-site-bg-background-color has-background-dim\"><\/span><div class=\"wp-block-cover__inner-container is-layout-flow wp-block-cover-is-layout-flow\">\n<div class=\"wp-block-group\"><div class=\"wp-block-group__inner-container is-layout-flow wp-block-group-is-layout-flow\">\n<div style=\"height:36px\" aria-hidden=\"true\" class=\"wp-block-spacer\"><\/div>\n\n\n\n<div class=\"wp-block-columns are-vertically-aligned-center is-layout-flex wp-container-core-columns-is-layout-9d6595d7 wp-block-columns-is-layout-flex\">\n<div class=\"wp-block-column is-vertically-aligned-center is-layout-flow wp-block-column-is-layout-flow\" style=\"flex-basis:50%\">\n<figure class=\"wp-block-image size-large\"><img loading=\"lazy\" decoding=\"async\" width=\"1024\" height=\"796\" src=\"http:\/\/www.ancalagon.be\/wp-content\/uploads\/2024\/04\/Ancalagon_dragon-1024x796.jpg\" alt=\"\" class=\"wp-image-123\" srcset=\"https:\/\/www.ancalagon.be\/wp-content\/uploads\/2024\/04\/Ancalagon_dragon-1024x796.jpg 1024w, https:\/\/www.ancalagon.be\/wp-content\/uploads\/2024\/04\/Ancalagon_dragon-300x233.jpg 300w, https:\/\/www.ancalagon.be\/wp-content\/uploads\/2024\/04\/Ancalagon_dragon-768x597.jpg 768w, https:\/\/www.ancalagon.be\/wp-content\/uploads\/2024\/04\/Ancalagon_dragon.jpg 1152w\" sizes=\"auto, (max-width: 1024px) 100vw, 1024px\" \/><\/figure>\n<\/div>\n\n\n\n<div class=\"wp-block-column is-vertically-aligned-center is-layout-flow wp-block-column-is-layout-flow\" style=\"flex-basis:50%\">\n<p class=\"has-nv-dark-bg-color has-text-color has-link-color wp-elements-8e0757f490e5196472278eaf90dfa150\" style=\"font-size:18px\">Chez Ancalagon, nous sommes un quatuor passionn\u00e9 de professionnels de l&#8217;informatique anim\u00e9s par une vision commune: fournir un service d\u2019exception et tirer parti d&#8217;une technologie de pointe pour que l\u2019IT soit le moteur de votre entreprise.<\/p>\n\n\n\n<p class=\"has-nv-dark-bg-color has-text-color has-link-color wp-elements-2c26ef640a158c2d13466257aa310138\" style=\"font-size:18px\">Nous ne sommes pas une \u00e9quipe informatique ordinaire. Nous poss\u00e9dons des comp\u00e9tences avanc\u00e9es dans des domaines critiques tels que les performances de stockage, la surveillance et les alertes proactives. Cette expertise sp\u00e9cialis\u00e9e garantit le bon fonctionnement de votre infrastructure, les probl\u00e8mes potentiels sont identifi\u00e9s avant qu\u2019ils ne deviennent des probl\u00e8mes et vos donn\u00e9es restent prot\u00e9g\u00e9es.<\/p>\n\n\n\n<p class=\"has-nv-dark-bg-color has-text-color has-link-color wp-elements-163f2450abae06e330c0fc8769c1f3da\" style=\"font-size:18px\">Ce qui nous passionne vraiment, c&#8217;est l&#8217;opportunit\u00e9 de nous plonger dans les nouvelles technologies et de les traduire en avantages tangibles pour nos clients. Nous prenons une immense satisfaction \u00e0 \u00e9laborer des solutions qui optimisent votre infrastructure informatique et propulsent votre organisation vers l\u2019avant.<\/p>\n\n\n\n<p class=\"has-nv-dark-bg-color has-text-color has-link-color wp-elements-65effcc9108a41233c6839669288aa78\" style=\"font-size:18px\">Laissez Ancalagon devenir votre partenaire de confiance dans le monde informatique en constante \u00e9volution. Nous sommes convaincus que notre expertise et notre d\u00e9vouement feront une diff\u00e9rence mesurable dans votre r\u00e9ussite.<\/p>\n<\/div>\n<\/div>\n\n\n\n<div style=\"height:36px\" aria-hidden=\"true\" class=\"wp-block-spacer\"><\/div>\n<\/div><\/div>\n<\/div><\/div>\n\n\n\n<div style=\"height:36px\" aria-hidden=\"true\" class=\"wp-block-spacer\"><\/div>\n","protected":false},"excerpt":{"rendered":"","protected":false},"author":2,"featured_media":0,"parent":0,"menu_order":0,"comment_status":"closed","ping_status":"closed","template":"","meta":{"neve_meta_sidebar":"","neve_meta_container":"","neve_meta_enable_content_width":"on","neve_meta_content_width":100,"neve_meta_title_alignment":"","neve_meta_author_avatar":"","neve_post_elements_order":"","neve_meta_disable_header":"","neve_meta_disable_footer":"","neve_meta_disable_title":"on","footnotes":""},"class_list":["post-9","page","type-page","status-publish","hentry"],"_links":{"self":[{"href":"https:\/\/www.ancalagon.be\/index.php?rest_route=\/wp\/v2\/pages\/9","targetHints":{"allow":["GET"]}}],"collection":[{"href":"https:\/\/www.ancalagon.be\/index.php?rest_route=\/wp\/v2\/pages"}],"about":[{"href":"https:\/\/www.ancalagon.be\/index.php?rest_route=\/wp\/v2\/types\/page"}],"author":[{"embeddable":true,"href":"https:\/\/www.ancalagon.be\/index.php?rest_route=\/wp\/v2\/users\/2"}],"replies":[{"embeddable":true,"href":"https:\/\/www.ancalagon.be\/index.php?rest_route=%2Fwp%2Fv2%2Fcomments&post=9"}],"version-history":[{"count":42,"href":"https:\/\/www.ancalagon.be\/index.php?rest_route=\/wp\/v2\/pages\/9\/revisions"}],"predecessor-version":[{"id":518,"href":"https:\/\/www.ancalagon.be\/index.php?rest_route=\/wp\/v2\/pages\/9\/revisions\/518"}],"wp:attachment":[{"href":"https:\/\/www.ancalagon.be\/index.php?rest_route=%2Fwp%2Fv2%2Fmedia&parent=9"}],"curies":[{"name":"wp","href":"https:\/\/api.w.org\/{rel}","templated":true}]}}