{"id":77,"date":"2024-04-25T12:02:06","date_gmt":"2024-04-25T12:02:06","guid":{"rendered":"https:\/\/dev.ancalagon.be\/?page_id=77"},"modified":"2024-08-21T10:15:32","modified_gmt":"2024-08-21T10:15:32","slug":"partenariats","status":"publish","type":"page","link":"https:\/\/www.ancalagon.be\/?page_id=77","title":{"rendered":"Partenariats"},"content":{"rendered":"\n<div style=\"height:36px\" aria-hidden=\"true\" class=\"wp-block-spacer\"><\/div>\n\n\n\n<div class=\"wp-block-cover has-parallax\" style=\"min-height:201px;aspect-ratio:unset;\"><span aria-hidden=\"true\" class=\"wp-block-cover__background has-nv-dark-bg-background-color has-background-dim\"><\/span><div class=\"wp-block-cover__image-background wp-image-38 has-parallax\" style=\"background-position:50% 50%;background-image:url(https:\/\/www.ancalagon.be\/wp-content\/uploads\/2024\/04\/wallpaper_ancalagon_dev-scaled.jpg)\"><\/div><div class=\"wp-block-cover__inner-container is-layout-constrained wp-block-cover-is-layout-constrained\">\n<hr class=\"wp-block-separator has-alpha-channel-opacity\" id=\"block-414ccea3-e09f-4bdd-921d-cc191bdf6730\"\/>\n\n\n\n<p class=\"has-text-align-center has-nv-site-bg-color has-text-color has-link-color has-medium-font-size wp-elements-37da5857d93446c28a9bce36ab703182\"><strong>Ancalagon est fi\u00e8re de s&#8217;associer \u00e0 des leaders technologiques de premier plan pour offrir \u00e0 ses clients les meilleures solutions possibles. Nos partenariats strat\u00e9giques nous permettent de proposer une gamme compl\u00e8te de produits et services innovants, soutenus par une expertise et un support in\u00e9gal\u00e9s.<\/strong><\/p>\n\n\n\n<hr class=\"wp-block-separator has-alpha-channel-opacity\"\/>\n<\/div><\/div>\n\n\n\n<div style=\"height:36px\" aria-hidden=\"true\" class=\"wp-block-spacer\"><\/div>\n\n\n\n<div class=\"wp-block-cover is-light wp-duotone-unset-1\" style=\"margin-top:0;padding-top:48px;padding-right:48px;padding-bottom:48px;padding-left:48px;font-size:18px;min-height:1358px;aspect-ratio:unset;\"><span aria-hidden=\"true\" class=\"wp-block-cover__background has-nv-site-bg-background-color has-background-dim-30 has-background-dim\"><\/span><div class=\"wp-block-cover__inner-container is-layout-flow wp-block-cover-is-layout-flow\">\n<div class=\"wp-block-group has-nv-site-bg-color has-text-color has-link-color wp-elements-9169366c95da0dd3f95adac3279c2fb1\"><div class=\"wp-block-group__inner-container is-layout-constrained wp-block-group-is-layout-constrained\">\n<p class=\"has-nv-dark-bg-color has-text-color has-link-color wp-elements-cdf2feef85e6a17daf4b184eb6091d83\" style=\"font-size:18px\"><strong>Nos principaux partenaires :&nbsp;<\/strong><\/p>\n\n\n\n<div style=\"height:36px\" aria-hidden=\"true\" class=\"wp-block-spacer\"><\/div>\n\n\n\n<div class=\"wp-block-group\"><div class=\"wp-block-group__inner-container is-layout-constrained wp-block-group-is-layout-constrained\">\n<div class=\"wp-block-columns is-layout-flex wp-container-core-columns-is-layout-9d6595d7 wp-block-columns-is-layout-flex\">\n<div class=\"wp-block-column is-layout-flow wp-block-column-is-layout-flow\"><div class=\"wp-block-image\">\n<figure class=\"aligncenter size-full is-resized\"><a href=\"https:\/\/www.dell.com\/fr-be\" target=\"_blank\" rel=\"noreferrer noopener\"><img loading=\"lazy\" decoding=\"async\" width=\"1024\" height=\"1024\" src=\"https:\/\/www.ancalagon.be\/wp-content\/uploads\/2024\/04\/dell_logo.png\" alt=\"\" class=\"wp-image-105\" style=\"width:154px;height:auto\" srcset=\"https:\/\/www.ancalagon.be\/wp-content\/uploads\/2024\/04\/dell_logo.png 1024w, https:\/\/www.ancalagon.be\/wp-content\/uploads\/2024\/04\/dell_logo-300x300.png 300w, https:\/\/www.ancalagon.be\/wp-content\/uploads\/2024\/04\/dell_logo-150x150.png 150w, https:\/\/www.ancalagon.be\/wp-content\/uploads\/2024\/04\/dell_logo-768x768.png 768w\" sizes=\"auto, (max-width: 1024px) 100vw, 1024px\" \/><\/a><\/figure>\n<\/div><\/div>\n\n\n\n<div class=\"wp-block-column is-layout-flow wp-block-column-is-layout-flow\"><div class=\"wp-block-image\">\n<figure class=\"aligncenter size-full is-resized\"><a href=\"https:\/\/www.microsoft.com\/fr-be\" target=\"_blank\" rel=\"noreferrer noopener\"><img loading=\"lazy\" decoding=\"async\" width=\"642\" height=\"600\" src=\"https:\/\/www.ancalagon.be\/wp-content\/uploads\/2024\/04\/microsoft_logo.png\" alt=\"\" class=\"wp-image-107\" style=\"width:202px\" srcset=\"https:\/\/www.ancalagon.be\/wp-content\/uploads\/2024\/04\/microsoft_logo.png 642w, https:\/\/www.ancalagon.be\/wp-content\/uploads\/2024\/04\/microsoft_logo-300x280.png 300w\" sizes=\"auto, (max-width: 642px) 100vw, 642px\" \/><\/a><\/figure>\n<\/div><\/div>\n\n\n\n<div class=\"wp-block-column is-layout-flow wp-block-column-is-layout-flow\">\n<div style=\"height:67px\" aria-hidden=\"true\" class=\"wp-block-spacer\"><\/div>\n\n\n<div class=\"wp-block-image\">\n<figure class=\"aligncenter size-full\"><a href=\"https:\/\/opnsense.org\/\" target=\"_blank\" rel=\"noreferrer noopener\"><img loading=\"lazy\" decoding=\"async\" width=\"300\" height=\"70\" src=\"https:\/\/www.ancalagon.be\/wp-content\/uploads\/2024\/07\/opnsense_logo-silver.png\" alt=\"\" class=\"wp-image-397\"\/><\/a><\/figure>\n<\/div><\/div>\n<\/div>\n\n\n\n<div class=\"wp-block-columns is-layout-flex wp-container-core-columns-is-layout-9d6595d7 wp-block-columns-is-layout-flex\">\n<div class=\"wp-block-column is-layout-flow wp-block-column-is-layout-flow\">\n<div style=\"height:17px\" aria-hidden=\"true\" class=\"wp-block-spacer\"><\/div>\n\n\n<div class=\"wp-block-image\">\n<figure class=\"aligncenter size-full is-resized\"><a href=\"https:\/\/www.zenarmor.com\/\" target=\"_blank\" rel=\"noreferrer noopener\"><img loading=\"lazy\" decoding=\"async\" width=\"774\" height=\"176\" src=\"https:\/\/www.ancalagon.be\/wp-content\/uploads\/2024\/04\/zenarmor-logo-type-orange-background.png\" alt=\"\" class=\"wp-image-113\" style=\"width:211px;height:auto\" srcset=\"https:\/\/www.ancalagon.be\/wp-content\/uploads\/2024\/04\/zenarmor-logo-type-orange-background.png 774w, https:\/\/www.ancalagon.be\/wp-content\/uploads\/2024\/04\/zenarmor-logo-type-orange-background-300x68.png 300w, https:\/\/www.ancalagon.be\/wp-content\/uploads\/2024\/04\/zenarmor-logo-type-orange-background-768x175.png 768w\" sizes=\"auto, (max-width: 774px) 100vw, 774px\" \/><\/a><\/figure>\n<\/div><\/div>\n\n\n\n<div class=\"wp-block-column is-layout-flow wp-block-column-is-layout-flow\"><div class=\"wp-block-image\">\n<figure class=\"aligncenter size-full is-resized\"><a href=\"https:\/\/www.cisco.com\/c\/fr_be\/index.html\" target=\"_blank\" rel=\"noreferrer noopener\"><img loading=\"lazy\" decoding=\"async\" width=\"800\" height=\"350\" src=\"https:\/\/www.ancalagon.be\/wp-content\/uploads\/2024\/04\/cisco_logo.png\" alt=\"\" class=\"wp-image-114\" style=\"width:237px;height:auto\" srcset=\"https:\/\/www.ancalagon.be\/wp-content\/uploads\/2024\/04\/cisco_logo.png 800w, https:\/\/www.ancalagon.be\/wp-content\/uploads\/2024\/04\/cisco_logo-300x131.png 300w, https:\/\/www.ancalagon.be\/wp-content\/uploads\/2024\/04\/cisco_logo-768x336.png 768w\" sizes=\"auto, (max-width: 800px) 100vw, 800px\" \/><\/a><\/figure>\n<\/div><\/div>\n\n\n\n<div class=\"wp-block-column is-layout-flow wp-block-column-is-layout-flow\"><div class=\"wp-block-image\">\n<figure class=\"aligncenter size-full is-resized\"><a href=\"https:\/\/www.redhat.com\/fr\" target=\"_blank\" rel=\"noreferrer noopener\"><img loading=\"lazy\" decoding=\"async\" width=\"512\" height=\"512\" src=\"https:\/\/www.ancalagon.be\/wp-content\/uploads\/2024\/04\/redhat_logo.png\" alt=\"\" class=\"wp-image-115\" style=\"width:122px;height:auto\" srcset=\"https:\/\/www.ancalagon.be\/wp-content\/uploads\/2024\/04\/redhat_logo.png 512w, https:\/\/www.ancalagon.be\/wp-content\/uploads\/2024\/04\/redhat_logo-300x300.png 300w, https:\/\/www.ancalagon.be\/wp-content\/uploads\/2024\/04\/redhat_logo-150x150.png 150w\" sizes=\"auto, (max-width: 512px) 100vw, 512px\" \/><\/a><\/figure>\n<\/div><\/div>\n<\/div>\n<\/div><\/div>\n\n\n\n<div style=\"height:36px\" aria-hidden=\"true\" class=\"wp-block-spacer\"><\/div>\n\n\n\n<p class=\"has-nv-dark-bg-color has-text-color has-link-color wp-elements-eefd736a19cc2ef9ebb13cb670f9aa96\" style=\"font-size:18px\">Nous travaillons \u00e9galement avec la soci\u00e9t\u00e9 EATON pour tout ce qui concerne les aspects \u00e9lectriques des infrastructures informatiques (UPS, PDU, Environmental monitoring \u2026) et nous avons acquis une grande exp\u00e9rience de leurs outils.<\/p>\n\n\n\n<p class=\"has-nv-dark-bg-color has-text-color has-link-color wp-elements-6841208e3bfc1032330c5923dfb3c802\" style=\"font-size:18px\"><strong>Gr\u00e2ce \u00e0 nos partenariats avec ces entreprises technologiques de premier plan, nous sommes en mesure d&#8217;offrir \u00e0 nos clients :<\/strong> <\/p>\n\n\n\n<ul class=\"wp-block-list has-nv-dark-bg-color has-text-color has-link-color wp-elements-2d0bd4e32d64b6af7011e55660b50a29\">\n<li><strong>Des solutions innovantes et de pointe:<\/strong> Nous avons acc\u00e8s aux derni\u00e8res technologies et solutions de nos partenaires, ce qui nous permet de proposer \u00e0 nos clients les produits et services les plus avanc\u00e9s du march\u00e9.<\/li>\n\n\n\n<li style=\"font-size:18px\"><strong>Une expertise et un support in\u00e9gal\u00e9s:<\/strong> Nos partenaires nous offrent une formation et un support complets, ce qui nous permet de fournir \u00e0 nos clients un niveau d\u2019expertise et de support in\u00e9gal\u00e9.<\/li>\n\n\n\n<li><strong>Un large \u00e9ventail de choix:<\/strong> Nous proposons une gamme compl\u00e8te de produits et services de nos partenaires, ce qui nous permet de r\u00e9pondre aux besoins sp\u00e9cifiques de chaque client.<\/li>\n<\/ul>\n\n\n\n<p class=\"has-nv-dark-bg-color has-text-color has-link-color wp-elements-40d375a8776e7c26d1b08ad01c83428c\" style=\"font-size:18px\">En plus de nos partenariats strat\u00e9giques, nous travaillons \u00e9galement en \u00e9troite collaboration avec un large \u00e9ventail d\u2019autres entreprises technologiques. Cela nous permet de rester \u00e0 la pointe des derni\u00e8res technologies et tendances et d\u2019offrir \u00e0 nos clients les meilleures solutions possibles.<\/p>\n\n\n\n<p class=\"has-nv-dark-bg-color has-text-color has-link-color wp-elements-1a70a9a9a3b3a9a20b27f9d85724043a\" style=\"font-size:18px\">Nous sommes convaincus que nos partenariats technologiques sont essentiels \u00e0 notre succ\u00e8s. Ils nous permettent d\u2019offrir \u00e0 nos clients les produits, services et supports de la plus haute qualit\u00e9.<\/p>\n\n\n\n<ul class=\"wp-block-list\">\n<li><\/li>\n<\/ul>\n<\/div><\/div>\n<\/div><\/div>\n\n\n\n<div style=\"height:36px\" aria-hidden=\"true\" class=\"wp-block-spacer\"><\/div>\n","protected":false},"excerpt":{"rendered":"","protected":false},"author":2,"featured_media":0,"parent":0,"menu_order":0,"comment_status":"closed","ping_status":"closed","template":"","meta":{"neve_meta_sidebar":"","neve_meta_container":"","neve_meta_enable_content_width":"","neve_meta_content_width":0,"neve_meta_title_alignment":"","neve_meta_author_avatar":"","neve_post_elements_order":"","neve_meta_disable_header":"","neve_meta_disable_footer":"","neve_meta_disable_title":"on","footnotes":""},"class_list":["post-77","page","type-page","status-publish","hentry"],"_links":{"self":[{"href":"https:\/\/www.ancalagon.be\/index.php?rest_route=\/wp\/v2\/pages\/77","targetHints":{"allow":["GET"]}}],"collection":[{"href":"https:\/\/www.ancalagon.be\/index.php?rest_route=\/wp\/v2\/pages"}],"about":[{"href":"https:\/\/www.ancalagon.be\/index.php?rest_route=\/wp\/v2\/types\/page"}],"author":[{"embeddable":true,"href":"https:\/\/www.ancalagon.be\/index.php?rest_route=\/wp\/v2\/users\/2"}],"replies":[{"embeddable":true,"href":"https:\/\/www.ancalagon.be\/index.php?rest_route=%2Fwp%2Fv2%2Fcomments&post=77"}],"version-history":[{"count":50,"href":"https:\/\/www.ancalagon.be\/index.php?rest_route=\/wp\/v2\/pages\/77\/revisions"}],"predecessor-version":[{"id":510,"href":"https:\/\/www.ancalagon.be\/index.php?rest_route=\/wp\/v2\/pages\/77\/revisions\/510"}],"wp:attachment":[{"href":"https:\/\/www.ancalagon.be\/index.php?rest_route=%2Fwp%2Fv2%2Fmedia&parent=77"}],"curies":[{"name":"wp","href":"https:\/\/api.w.org\/{rel}","templated":true}]}}