{"id":30,"date":"2024-04-18T13:31:56","date_gmt":"2024-04-18T13:31:56","guid":{"rendered":"https:\/\/dev.ancalagon.be\/?page_id=30"},"modified":"2024-07-15T14:02:35","modified_gmt":"2024-07-15T14:02:35","slug":"hardware","status":"publish","type":"page","link":"https:\/\/www.ancalagon.be\/?page_id=30","title":{"rendered":"Hardware"},"content":{"rendered":"\n<div style=\"height:36px\" aria-hidden=\"true\" class=\"wp-block-spacer\"><\/div>\n\n\n\n<div class=\"wp-block-cover has-parallax\" style=\"min-height:201px;aspect-ratio:unset;\"><span aria-hidden=\"true\" class=\"wp-block-cover__background has-nv-dark-bg-background-color has-background-dim\"><\/span><div class=\"wp-block-cover__image-background wp-image-38 has-parallax\" style=\"background-position:50% 50%;background-image:url(https:\/\/www.ancalagon.be\/wp-content\/uploads\/2024\/04\/wallpaper_ancalagon_dev-scaled.jpg)\"><\/div><div class=\"wp-block-cover__inner-container is-layout-constrained wp-block-cover-is-layout-constrained\">\n<hr class=\"wp-block-separator has-alpha-channel-opacity\"\/>\n\n\n\n<p class=\"has-text-align-center has-nv-site-bg-color has-text-color has-link-color has-medium-font-size wp-elements-42be6ad50f237ec05ddae0c99319bba4\"><strong>Ancalagon ne se limite pas \u00e0 des services IT. Nous proposons \u00e9galement \u00e0 nos clients la vente de mat\u00e9riel informatique performant et fiable, s\u00e9lectionn\u00e9 aupr\u00e8s de partenaires de renom tels que Dell et HPE.<\/strong><\/p>\n\n\n\n<hr class=\"wp-block-separator has-alpha-channel-opacity\"\/>\n<\/div><\/div>\n\n\n\n<div style=\"height:36px\" aria-hidden=\"true\" class=\"wp-block-spacer\"><\/div>\n\n\n\n<div class=\"wp-block-cover is-light\"><span aria-hidden=\"true\" class=\"wp-block-cover__background has-nv-site-bg-background-color has-background-dim\"><\/span><div class=\"wp-block-cover__inner-container is-layout-constrained wp-block-cover-is-layout-constrained\">\n<div style=\"height:36px\" aria-hidden=\"true\" class=\"wp-block-spacer\"><\/div>\n\n\n\n<div class=\"wp-block-group has-nv-dark-bg-color has-text-color has-link-color wp-elements-1b18c74ff078fa9d935a592545b6c3f1\" style=\"font-size:18px\"><div class=\"wp-block-group__inner-container is-layout-constrained wp-block-group-is-layout-constrained\">\n<p class=\"has-nv-dark-bg-color has-text-color has-link-color wp-elements-a2e83297aefde7eebcfe4d2d25e857dd\" style=\"font-size:18px\"><strong>Notre offre de mat\u00e9riel informatique comprend :<\/strong><\/p>\n\n\n\n<ul class=\"wp-block-list\">\n<li><strong>Serveurs Dell<\/strong>: Une gamme compl\u00e8te de serveurs Dell PowerEdge, adapt\u00e9s \u00e0 toutes les exigences, des serveurs tour aux serveurs lames en passant par les serveurs rack.<\/li>\n\n\n\n<li><strong>Stockage Dell<\/strong>: Solutions de stockage Dell PowerStore et PowerMax, offrant une \u00e9volutivit\u00e9, une performance et une fiabilit\u00e9 de pointe pour vos donn\u00e9es critiques.<\/li>\n\n\n\n<li><strong>Solutions HPE Alletra MP<\/strong>: Serveurs de stockage HPE Alletra MP, con\u00e7us pour les charges de travail critiques et offrant une \u00e9volutivit\u00e9, une performance et une disponibilit\u00e9 \u00e0 toute \u00e9preuve.<\/li>\n<\/ul>\n\n\n\n<p class=\"has-nv-dark-bg-color has-text-color has-link-color wp-elements-2b626a4945f5ce3b9a340e90a0bd3e48\" style=\"font-size:18px\"><strong>En plus de la vente de mat\u00e9riel, Ancalagon propose \u00e9galement une expertise de pointe en solutions de stockage :<\/strong><\/p>\n\n\n\n<ul class=\"wp-block-list\">\n<li><strong>Conception de solutions de stockage sur mesure<\/strong>: Nous analysons vos besoins en mati\u00e8re de stockage et concevons des solutions personnalis\u00e9es qui r\u00e9pondent \u00e0 vos exigences sp\u00e9cifiques, en tenant compte de votre budget et de vos contraintes.<\/li>\n\n\n\n<li><strong>Mise en \u0153uvre et int\u00e9gration<\/strong>: Nous assurons l&#8217;installation et la configuration de votre solution de stockage, en veillant \u00e0 une int\u00e9gration harmonieuse avec votre infrastructure existante.<\/li>\n\n\n\n<li><strong>Gestion et maintenance<\/strong>: Nous proposons des contrats de maintenance pour assurer le bon fonctionnement de votre solution de stockage et vous pr\u00e9munir contre les pannes et les pertes de donn\u00e9es.<\/li>\n\n\n\n<li><strong>Optimisation des performances<\/strong>: Nous analysons r\u00e9guli\u00e8rement les performances de votre solution de stockage et vous proposons des recommandations pour optimiser son efficacit\u00e9 et r\u00e9duire vos co\u00fbts.<\/li>\n<\/ul>\n\n\n\n<p class=\"has-nv-dark-bg-color has-text-color has-link-color wp-elements-3103df36927a6a66f2c7d89521eb037a\" style=\"font-size:18px\">Notre passion pour le stockage et notre expertise technique nous permettent de vous proposer des solutions performantes, fiables et adapt\u00e9es \u00e0 vos besoins sp\u00e9cifiques.<\/p>\n\n\n\n<p class=\"has-nv-dark-bg-color has-text-color has-link-color wp-elements-1ac3a2181bb058c47729473517f93039\" style=\"font-size:18px\">Notre ing\u00e9nieur principal, passionn\u00e9 de stockage, se fera un plaisir de vous apporter son expertise.<\/p>\n<\/div><\/div>\n\n\n\n<div style=\"height:36px\" aria-hidden=\"true\" class=\"wp-block-spacer\"><\/div>\n<\/div><\/div>\n\n\n\n<div style=\"height:36px\" aria-hidden=\"true\" class=\"wp-block-spacer\"><\/div>\n","protected":false},"excerpt":{"rendered":"","protected":false},"author":2,"featured_media":0,"parent":0,"menu_order":0,"comment_status":"closed","ping_status":"closed","template":"","meta":{"neve_meta_sidebar":"","neve_meta_container":"","neve_meta_enable_content_width":"","neve_meta_content_width":0,"neve_meta_title_alignment":"","neve_meta_author_avatar":"","neve_post_elements_order":"","neve_meta_disable_header":"","neve_meta_disable_footer":"","neve_meta_disable_title":"on","footnotes":""},"class_list":["post-30","page","type-page","status-publish","hentry"],"_links":{"self":[{"href":"https:\/\/www.ancalagon.be\/index.php?rest_route=\/wp\/v2\/pages\/30","targetHints":{"allow":["GET"]}}],"collection":[{"href":"https:\/\/www.ancalagon.be\/index.php?rest_route=\/wp\/v2\/pages"}],"about":[{"href":"https:\/\/www.ancalagon.be\/index.php?rest_route=\/wp\/v2\/types\/page"}],"author":[{"embeddable":true,"href":"https:\/\/www.ancalagon.be\/index.php?rest_route=\/wp\/v2\/users\/2"}],"replies":[{"embeddable":true,"href":"https:\/\/www.ancalagon.be\/index.php?rest_route=%2Fwp%2Fv2%2Fcomments&post=30"}],"version-history":[{"count":3,"href":"https:\/\/www.ancalagon.be\/index.php?rest_route=\/wp\/v2\/pages\/30\/revisions"}],"predecessor-version":[{"id":466,"href":"https:\/\/www.ancalagon.be\/index.php?rest_route=\/wp\/v2\/pages\/30\/revisions\/466"}],"wp:attachment":[{"href":"https:\/\/www.ancalagon.be\/index.php?rest_route=%2Fwp%2Fv2%2Fmedia&parent=30"}],"curies":[{"name":"wp","href":"https:\/\/api.w.org\/{rel}","templated":true}]}}