{"id":247,"date":"2024-04-30T14:48:52","date_gmt":"2024-04-30T14:48:52","guid":{"rendered":"https:\/\/dev.ancalagon.be\/?page_id=247"},"modified":"2024-08-14T12:14:50","modified_gmt":"2024-08-14T12:14:50","slug":"application-et-container","status":"publish","type":"page","link":"https:\/\/www.ancalagon.be\/?page_id=247","title":{"rendered":"Application et Container"},"content":{"rendered":"\n<div style=\"height:36px\" aria-hidden=\"true\" class=\"wp-block-spacer\"><\/div>\n\n\n\n<div class=\"wp-block-cover has-parallax\" style=\"min-height:201px;aspect-ratio:unset;\"><span aria-hidden=\"true\" class=\"wp-block-cover__background has-nv-dark-bg-background-color has-background-dim\"><\/span><div class=\"wp-block-cover__image-background wp-image-38 has-parallax\" style=\"background-position:50% 50%;background-image:url(http:\/\/www.ancalagon.be\/wp-content\/uploads\/2024\/04\/wallpaper_ancalagon_dev-scaled.jpg)\"><\/div><div class=\"wp-block-cover__inner-container is-layout-constrained wp-block-cover-is-layout-constrained\">\n<hr class=\"wp-block-separator has-alpha-channel-opacity\"\/>\n\n\n\n<p class=\"has-text-align-center has-nv-site-bg-color has-text-color has-link-color has-medium-font-size wp-elements-7d5aa657b663279de6ee682cf87c4321\"><strong>Ancalagon \u00e9tend son expertise au-del\u00e0 de l&#8217;infrastructure et propose un service d&#8217;h\u00e9bergement et de gestion d&#8217;applications conteneuris\u00e9es<\/strong><\/p>\n\n\n\n<hr class=\"wp-block-separator has-alpha-channel-opacity\"\/>\n<\/div><\/div>\n\n\n\n<div style=\"height:36px\" aria-hidden=\"true\" class=\"wp-block-spacer\"><\/div>\n\n\n\n<div class=\"wp-block-cover is-light\"><span aria-hidden=\"true\" class=\"wp-block-cover__background has-nv-site-bg-background-color has-background-dim\"><\/span><div class=\"wp-block-cover__inner-container is-layout-constrained wp-block-cover-is-layout-constrained\">\n<div style=\"height:36px\" aria-hidden=\"true\" class=\"wp-block-spacer\"><\/div>\n\n\n\n<div class=\"wp-block-group has-nv-dark-bg-color has-text-color has-link-color wp-elements-82e9cc2aea291b269886bbe21afd5fa9\" style=\"font-size:18px\"><div class=\"wp-block-group__inner-container is-layout-constrained wp-block-group-is-layout-constrained\">\n<p class=\"has-nv-dark-bg-color has-text-color has-link-color wp-elements-5de04a237e546b58f4207485bc599086\" style=\"font-size:18px\">Notre savoir-faire nous permet de vous accompagner dans la mise en place, l&#8217;administration et le support d&#8217;applications populaires telles que Nextcloud, Vaultwarden, Keycloak, Uptime Kuma et Gitlab Community Edition (pour n\u2019en citer que quelques-unes).<\/p>\n\n\n\n<p class=\"has-nv-dark-bg-color has-text-color has-link-color wp-elements-f7e222e42b94999dfe8772679f8739aa\" style=\"font-size:18px\"><strong>Nos atouts dans ce domaine :<\/strong><\/p>\n\n\n\n<ul class=\"wp-block-list\">\n<li><strong>Ma\u00eetrise des technologies conteneuris\u00e9es<\/strong>: Nous poss\u00e9dons une connaissance approfondie des technologies de conteneurisation, telles que Docker et Podman, et de leurs applications concr\u00e8tes.<\/li>\n\n\n\n<li><strong>Expertise des applications cibles<\/strong>: Nous avons une connaissance approfondie des fonctionnalit\u00e9s et des exigences sp\u00e9cifiques des applications que nous proposons d&#8217;h\u00e9berger et de g\u00e9rer, telles que Nextcloud, Keycloak, Vaultwarden, Uptime Kuma et Gitlab Community Edition.<\/li>\n\n\n\n<li><strong>Infrastructure optimis\u00e9e<\/strong>: Nous exploitons une infrastructure performante et s\u00e9curis\u00e9e, parfaitement adapt\u00e9e aux besoins des applications conteneuris\u00e9es.<\/li>\n\n\n\n<li><strong>Support r\u00e9actif et personnalis\u00e9<\/strong>: Notre \u00e9quipe d&#8217;experts est \u00e0 votre disposition pour vous accompagner dans l&#8217;installation, la configuration, la maintenance et le d\u00e9pannage de vos applications conteneuris\u00e9es.<\/li>\n<\/ul>\n\n\n\n<p class=\"has-nv-dark-bg-color has-text-color has-link-color wp-elements-64792c6f159ac73f8309910f08686655\" style=\"font-size:18px\"><strong>Les avantages de notre service d&#8217;h\u00e9bergement et de gestion d&#8217;applications conteneuris\u00e9es :<\/strong><\/p>\n\n\n\n<ul class=\"wp-block-list\">\n<li><strong>D\u00e9ploiement rapide et \u00e9volutif<\/strong>: Les conteneurs permettent un d\u00e9ploiement rapide et simplifi\u00e9 de vos applications, tout en offrant une grande flexibilit\u00e9 pour \u00e9voluer en fonction de vos besoins.<\/li>\n\n\n\n<li><strong>Isolation et s\u00e9curit\u00e9 renforc\u00e9es<\/strong>: Les conteneurs garantissent l&#8217;isolation de vos applications, limitant les risques d&#8217;interf\u00e9rences et renfor\u00e7ant la s\u00e9curit\u00e9 de votre environnement.<\/li>\n\n\n\n<li><strong>Gestion simplifi\u00e9e<\/strong>: Nous nous chargeons de la gestion quotidienne de vos applications conteneuris\u00e9es, vous lib\u00e9rant ainsi du temps et des ressources pour vous concentrer sur votre c\u0153ur de m\u00e9tier.<\/li>\n\n\n\n<li><strong>Expertise \u00e0 votre service<\/strong>: B\u00e9n\u00e9ficiez de l&#8217;expertise de notre \u00e9quipe pour optimiser les performances et la s\u00e9curit\u00e9 de vos applications conteneuris\u00e9es.<\/li>\n<\/ul>\n<\/div><\/div>\n\n\n\n<div style=\"height:36px\" aria-hidden=\"true\" class=\"wp-block-spacer\"><\/div>\n<\/div><\/div>\n\n\n\n<div style=\"height:36px\" aria-hidden=\"true\" class=\"wp-block-spacer\"><\/div>\n","protected":false},"excerpt":{"rendered":"","protected":false},"author":2,"featured_media":0,"parent":0,"menu_order":0,"comment_status":"closed","ping_status":"closed","template":"","meta":{"neve_meta_sidebar":"","neve_meta_container":"","neve_meta_enable_content_width":"","neve_meta_content_width":0,"neve_meta_title_alignment":"","neve_meta_author_avatar":"","neve_post_elements_order":"","neve_meta_disable_header":"","neve_meta_disable_footer":"","neve_meta_disable_title":"on","footnotes":""},"class_list":["post-247","page","type-page","status-publish","hentry"],"_links":{"self":[{"href":"https:\/\/www.ancalagon.be\/index.php?rest_route=\/wp\/v2\/pages\/247","targetHints":{"allow":["GET"]}}],"collection":[{"href":"https:\/\/www.ancalagon.be\/index.php?rest_route=\/wp\/v2\/pages"}],"about":[{"href":"https:\/\/www.ancalagon.be\/index.php?rest_route=\/wp\/v2\/types\/page"}],"author":[{"embeddable":true,"href":"https:\/\/www.ancalagon.be\/index.php?rest_route=\/wp\/v2\/users\/2"}],"replies":[{"embeddable":true,"href":"https:\/\/www.ancalagon.be\/index.php?rest_route=%2Fwp%2Fv2%2Fcomments&post=247"}],"version-history":[{"count":3,"href":"https:\/\/www.ancalagon.be\/index.php?rest_route=\/wp\/v2\/pages\/247\/revisions"}],"predecessor-version":[{"id":476,"href":"https:\/\/www.ancalagon.be\/index.php?rest_route=\/wp\/v2\/pages\/247\/revisions\/476"}],"wp:attachment":[{"href":"https:\/\/www.ancalagon.be\/index.php?rest_route=%2Fwp%2Fv2%2Fmedia&parent=247"}],"curies":[{"name":"wp","href":"https:\/\/api.w.org\/{rel}","templated":true}]}}