{"id":238,"date":"2024-04-30T14:06:39","date_gmt":"2024-04-30T14:06:39","guid":{"rendered":"https:\/\/dev.ancalagon.be\/?page_id=238"},"modified":"2024-08-21T10:19:05","modified_gmt":"2024-08-21T10:19:05","slug":"deploiement","status":"publish","type":"page","link":"https:\/\/www.ancalagon.be\/?page_id=238","title":{"rendered":"D\u00e9ploiement automatis\u00e9"},"content":{"rendered":"\n<div style=\"height:36px\" aria-hidden=\"true\" class=\"wp-block-spacer\"><\/div>\n\n\n\n<div class=\"wp-block-cover has-parallax\" style=\"min-height:201px;aspect-ratio:unset;\"><span aria-hidden=\"true\" class=\"wp-block-cover__background has-nv-dark-bg-background-color has-background-dim\"><\/span><div class=\"wp-block-cover__image-background wp-image-38 has-parallax\" style=\"background-position:50% 50%;background-image:url(https:\/\/www.ancalagon.be\/wp-content\/uploads\/2024\/04\/wallpaper_ancalagon_dev-scaled.jpg)\"><\/div><div class=\"wp-block-cover__inner-container is-layout-constrained wp-block-cover-is-layout-constrained\">\n<hr class=\"wp-block-separator has-alpha-channel-opacity\"\/>\n\n\n\n<p class=\"has-text-align-center has-nv-site-bg-color has-text-color has-link-color has-medium-font-size wp-elements-fe76cc67c138ee8bd43196151c441489\"><strong>D\u00e9ploiement automatis\u00e9 ultra-rapide<br>Des mises en ligne quasi instantan\u00e9es et une s\u00e9curit\u00e9 renforc\u00e9e<\/strong><\/p>\n\n\n\n<hr class=\"wp-block-separator has-alpha-channel-opacity\"\/>\n<\/div><\/div>\n\n\n\n<div style=\"height:36px\" aria-hidden=\"true\" class=\"wp-block-spacer\"><\/div>\n\n\n\n<div class=\"wp-block-cover is-light\"><span aria-hidden=\"true\" class=\"wp-block-cover__background has-nv-site-bg-background-color has-background-dim\"><\/span><div class=\"wp-block-cover__inner-container is-layout-constrained wp-block-cover-is-layout-constrained\">\n<div style=\"height:36px\" aria-hidden=\"true\" class=\"wp-block-spacer\"><\/div>\n\n\n\n<div class=\"wp-block-group has-nv-dark-bg-color has-text-color has-link-color wp-elements-d14fd3546ca188e4705c8f009c60df22\" style=\"font-size:18px\"><div class=\"wp-block-group__inner-container is-layout-constrained wp-block-group-is-layout-constrained\">\n<p class=\"has-nv-dark-bg-color has-text-color has-link-color wp-elements-58532aa2ace73e8e836f087f3c65d2dd\" style=\"font-size:18px\"><strong>D\u00e9ploiement instantan\u00e9 :<\/strong><\/p>\n\n\n\n<ul class=\"wp-block-list\">\n<li>Les modifications apport\u00e9es \u00e0 votre code sont automatiquement d\u00e9tect\u00e9es et d\u00e9clenchent le processus de d\u00e9ploiement d\u00e8s qu&#8217;elles sont pouss\u00e9es sur une branche sp\u00e9cifique.<\/li>\n\n\n\n<li>Votre site web est mis en ligne quasi-instantan\u00e9ment, sans aucune intervention manuelle de votre part.<\/li>\n<\/ul>\n\n\n\n<p class=\"has-nv-dark-bg-color has-text-color has-link-color wp-elements-e5e9f615e1437261599d55b746d68393\" style=\"font-size:18px\"><strong>S\u00e9curit\u00e9 renforc\u00e9e :<\/strong><\/p>\n\n\n\n<ul class=\"wp-block-list\">\n<li>En tant que client, vous n&#8217;avez pas d&#8217;acc\u00e8s direct au serveur d&#8217;h\u00e9bergement. Cela peut para\u00eetre surprenant, mais c&#8217;est un \u00e9l\u00e9ment crucial pour garantir la s\u00e9curit\u00e9 de votre site web.<\/li>\n\n\n\n<li>En isolant votre code des acc\u00e8s directs, nous emp\u00eachons les pirates d&#8217;acc\u00e9der \u00e0 vos fichiers et de compromettre votre site web.<\/li>\n\n\n\n<li>Cette approche renforce consid\u00e9rablement la s\u00e9curit\u00e9 de votre serveur et prot\u00e8ge vos donn\u00e9es pr\u00e9cieuses contre les cyberattaques.<\/li>\n<\/ul>\n\n\n\n<p class=\"has-nv-dark-bg-color has-text-color has-link-color wp-elements-2855e8f386ec9acdc7580cfe0bbf5503\" style=\"font-size:18px\"><strong>Avantages du d\u00e9ploiement automatis\u00e9 ultra-rapide :<\/strong><\/p>\n\n\n\n<ul class=\"wp-block-list\">\n<li><strong>Mise sur le march\u00e9 plus rapide<\/strong>: Lancer de nouvelles fonctionnalit\u00e9s et corrections de bugs en un temps record.<\/li>\n\n\n\n<li><strong>R\u00e9duction des erreurs<\/strong>: Les d\u00e9ploiements automatis\u00e9s minimisent les risques d&#8217;erreurs humaines.<\/li>\n\n\n\n<li><strong>Am\u00e9lioration de la disponibilit\u00e9<\/strong>: Votre site web est toujours en ligne et accessible \u00e0 vos utilisateurs.<\/li>\n\n\n\n<li><strong>S\u00e9curit\u00e9 renforc\u00e9e<\/strong>: Prot\u00e9ger votre site web contre les intrusions malveillantes.<\/li>\n<\/ul>\n<\/div><\/div>\n\n\n\n<div style=\"height:36px\" aria-hidden=\"true\" class=\"wp-block-spacer\"><\/div>\n<\/div><\/div>\n\n\n\n<div style=\"height:36px\" aria-hidden=\"true\" class=\"wp-block-spacer\"><\/div>\n","protected":false},"excerpt":{"rendered":"","protected":false},"author":2,"featured_media":0,"parent":0,"menu_order":0,"comment_status":"closed","ping_status":"closed","template":"","meta":{"neve_meta_sidebar":"","neve_meta_container":"","neve_meta_enable_content_width":"","neve_meta_content_width":0,"neve_meta_title_alignment":"","neve_meta_author_avatar":"","neve_post_elements_order":"","neve_meta_disable_header":"","neve_meta_disable_footer":"","neve_meta_disable_title":"on","footnotes":""},"class_list":["post-238","page","type-page","status-publish","hentry"],"_links":{"self":[{"href":"https:\/\/www.ancalagon.be\/index.php?rest_route=\/wp\/v2\/pages\/238","targetHints":{"allow":["GET"]}}],"collection":[{"href":"https:\/\/www.ancalagon.be\/index.php?rest_route=\/wp\/v2\/pages"}],"about":[{"href":"https:\/\/www.ancalagon.be\/index.php?rest_route=\/wp\/v2\/types\/page"}],"author":[{"embeddable":true,"href":"https:\/\/www.ancalagon.be\/index.php?rest_route=\/wp\/v2\/users\/2"}],"replies":[{"embeddable":true,"href":"https:\/\/www.ancalagon.be\/index.php?rest_route=%2Fwp%2Fv2%2Fcomments&post=238"}],"version-history":[{"count":4,"href":"https:\/\/www.ancalagon.be\/index.php?rest_route=\/wp\/v2\/pages\/238\/revisions"}],"predecessor-version":[{"id":512,"href":"https:\/\/www.ancalagon.be\/index.php?rest_route=\/wp\/v2\/pages\/238\/revisions\/512"}],"wp:attachment":[{"href":"https:\/\/www.ancalagon.be\/index.php?rest_route=%2Fwp%2Fv2%2Fmedia&parent=238"}],"curies":[{"name":"wp","href":"https:\/\/api.w.org\/{rel}","templated":true}]}}