{"id":234,"date":"2024-04-30T14:01:41","date_gmt":"2024-04-30T14:01:41","guid":{"rendered":"https:\/\/dev.ancalagon.be\/?page_id=234"},"modified":"2024-08-21T10:22:58","modified_gmt":"2024-08-21T10:22:58","slug":"deploiement-ci-cd","status":"publish","type":"page","link":"https:\/\/www.ancalagon.be\/?page_id=234","title":{"rendered":"D\u00e9ploiement CI\/CD"},"content":{"rendered":"\n<div style=\"height:36px\" aria-hidden=\"true\" class=\"wp-block-spacer\"><\/div>\n\n\n\n<div class=\"wp-block-cover has-parallax\" style=\"min-height:230px;aspect-ratio:unset;\"><span aria-hidden=\"true\" class=\"wp-block-cover__background has-nv-dark-bg-background-color has-background-dim\"><\/span><div class=\"wp-block-cover__image-background wp-image-38 has-parallax\" style=\"background-position:50% 50%;background-image:url(https:\/\/www.ancalagon.be\/wp-content\/uploads\/2024\/04\/wallpaper_ancalagon_dev-scaled.jpg)\"><\/div><div class=\"wp-block-cover__inner-container is-layout-constrained wp-block-cover-is-layout-constrained\">\n<hr class=\"wp-block-separator has-alpha-channel-opacity\"\/>\n\n\n\n<p class=\"has-text-align-center has-nv-site-bg-color has-text-color has-link-color has-medium-font-size wp-elements-b75b6c6ba846d51b3be74571be24a0f9\"><strong>Ancalagon s&#8217;appuie sur les puissantes capacit\u00e9s des outils de CI\/CD (Continuous Integration\/Continuous Delivery) pour automatiser le d\u00e9ploiement de sites web sur diff\u00e9rentes plateformes, offrant ainsi une rapidit\u00e9 et une flexibilit\u00e9 in\u00e9gal\u00e9es.<\/strong><\/p>\n\n\n\n<hr class=\"wp-block-separator has-alpha-channel-opacity\"\/>\n<\/div><\/div>\n\n\n\n<div style=\"height:36px\" aria-hidden=\"true\" class=\"wp-block-spacer\"><\/div>\n\n\n\n<div class=\"wp-block-cover is-light\"><span aria-hidden=\"true\" class=\"wp-block-cover__background has-nv-site-bg-background-color has-background-dim\"><\/span><div class=\"wp-block-cover__inner-container is-layout-constrained wp-block-cover-is-layout-constrained\">\n<div style=\"height:36px\" aria-hidden=\"true\" class=\"wp-block-spacer\"><\/div>\n\n\n\n<div class=\"wp-block-group has-nv-dark-bg-color has-text-color has-link-color wp-elements-e5a801f9e2a8640a82caa3dea80c5428\" style=\"font-size:18px\"><div class=\"wp-block-group__inner-container is-layout-constrained wp-block-group-is-layout-constrained\">\n<p class=\"has-nv-dark-bg-color has-text-color has-link-color wp-elements-d6fbce5b5450543a8deb20aa47bddb5c\" style=\"font-size:18px\"><strong>Les avantages de notre approche CI\/CD pour le d\u00e9ploiement de sites web :<\/strong><\/p>\n\n\n\n<ul class=\"wp-block-list\">\n<li><strong>D\u00e9ploiement automatis\u00e9 ultra-rapide<\/strong>: Lorsqu\u2019elles sont apport\u00e9es sur une branche sp\u00e9cifique, les modifications apport\u00e9es au code de votre site web sont automatiquement d\u00e9tect\u00e9es et d\u00e9clenchent le processus de d\u00e9ploiement, permettant une mise en ligne quasi-instantan\u00e9e. En tant que client, vous n\u2019avez pas acc\u00e8s au serveur d\u2019h\u00e9bergement. Cela peut para\u00eetre \u00e9tonnant mais cela permet de renforcer la s\u00e9curit\u00e9 du serveur de la mani\u00e8re la plus forte qui soit, et votre code est ainsi impossible \u00e0 atteindre pour les hackers.<\/li>\n\n\n\n<li><strong>Autonomie du client<\/strong>: Fini de d\u00e9pendre de l\u2019h\u00e9bergeur ou des outils de transfert archa\u00efque comme FTP ! Ainsi, vous n\u2019avez qu&#8217;\u00e0 &#8220;pusher&#8221; votre code sur notre GitLab, et les jobs de d\u00e9ploiement s&#8217;ex\u00e9cutent automatiquement.<\/li>\n\n\n\n<li><strong>Souplesse accrue<\/strong>: Notre approche CI\/CD nous lib\u00e8re des contraintes d&#8217;infrastructure d&#8217;h\u00e9bergement. Le d\u00e9ploiement peut \u00eatre facilement d\u00e9localis\u00e9 ou r\u00e9parti sur plusieurs plateformes cloud, pour une flexibilit\u00e9 et une r\u00e9silience accrues.<\/li>\n\n\n\n<li><strong>Infrastructure incassable<\/strong>: La distribution du d\u00e9ploiement sur plusieurs plateformes cloud minimise les risques de d\u00e9faillance et rend votre infrastructure virtuellement incassable.<\/li>\n<\/ul>\n\n\n\n<p class=\"has-nv-dark-bg-color has-text-color has-link-color wp-elements-1a6183c212f6480444bd8237a1c64a7d\" style=\"font-size:18px\"><strong>Comment fonctionne notre pipeline CI\/CD ?<\/strong><\/p>\n\n\n\n<ol class=\"wp-block-list\">\n<li><strong>Int\u00e9gration du code<\/strong>: Le code de votre site web est stock\u00e9 dans un d\u00e9p\u00f4t GitLab centralis\u00e9.<\/li>\n\n\n\n<li><strong>D\u00e9tection des modifications<\/strong>: Chaque fois que le code est modifi\u00e9, le pipeline CI\/CD est automatiquement d\u00e9clench\u00e9.<\/li>\n\n\n\n<li><strong>Tests automatis\u00e9s<\/strong>: Les tests automatis\u00e9s sont ex\u00e9cut\u00e9s pour garantir la qualit\u00e9 et la fonctionnalit\u00e9 du code avant le d\u00e9ploiement.<\/li>\n\n\n\n<li><strong>D\u00e9ploiement automatis\u00e9<\/strong>: Le code valid\u00e9 est automatiquement d\u00e9ploy\u00e9 sur la plateforme cible, qu&#8217;il s&#8217;agisse d&#8217;une plateforme d&#8217;h\u00e9bergement traditionnelle ou d&#8217;une plateforme cloud.<\/li>\n\n\n\n<li><strong>Suivi et surveillance<\/strong>: Le pipeline CI\/CD fournit des rapports d\u00e9taill\u00e9s sur chaque \u00e9tape du processus de d\u00e9ploiement, permettant un suivi et une surveillance efficaces.<\/li>\n<\/ol>\n\n\n\n<p class=\"has-nv-dark-bg-color has-text-color has-link-color wp-elements-010bdd0f4896180eeb953efaada53198\" style=\"font-size:18px\"><strong>Les avantages de notre approche CI\/CD pour vous :<\/strong><\/p>\n\n\n\n<ul class=\"wp-block-list\">\n<li><strong>Mise sur le march\u00e9 plus rapide<\/strong>: Lancez de nouvelles fonctionnalit\u00e9s et correctifs de bugs plus rapidement que jamais.<\/li>\n\n\n\n<li><strong>Am\u00e9lioration de la qualit\u00e9 du code<\/strong>: Les tests automatis\u00e9s r\u00e9duisent les erreurs et garantissent un code de haute qualit\u00e9.<\/li>\n\n\n\n<li><strong>R\u00e9duction des co\u00fbts<\/strong>: Automatisez les t\u00e2ches manuelles et optimisez l&#8217;utilisation des ressources d&#8217;infrastructure.<\/li>\n\n\n\n<li><strong>Meilleure collaboration<\/strong>: Favorisez une collaboration fluide entre les \u00e9quipes de d\u00e9veloppement et d&#8217;exploitation.<\/li>\n\n\n\n<li><strong>Scalabilit\u00e9 accrue<\/strong>: G\u00e9rez facilement le d\u00e9ploiement de sites web sur plusieurs plateformes et \u00e0 grande \u00e9chelle.<\/li>\n<\/ul>\n\n\n\n<p class=\"has-nv-dark-bg-color has-text-color has-link-color wp-elements-3b4bda8e8066659ab444fb2f177b41f1\" style=\"font-size:18px\">Ancalagon, votre partenaire de confiance pour un d\u00e9ploiement de sites web rapide, fiable et s\u00e9curis\u00e9 gr\u00e2ce \u00e0 CI\/CD.<\/p>\n\n\n\n<p class=\"has-nv-dark-bg-color has-text-color wp-elements-bc62c711348e62c2e3c9cff45e403165\" style=\"font-size:18px\"><a href=\"https:\/\/www.ancalagon.be\/?page_id=10\" data-type=\"page\" data-id=\"10\">Contactez-nous<\/a> d\u00e8s aujourd&#8217;hui pour d\u00e9couvrir comment CI\/CD peut r\u00e9volutionner votre processus de d\u00e9ploiement de sites web.<\/p>\n\n\n\n<div style=\"height:36px\" aria-hidden=\"true\" class=\"wp-block-spacer\"><\/div>\n<\/div><\/div>\n<\/div><\/div>\n\n\n\n<div style=\"height:36px\" aria-hidden=\"true\" class=\"wp-block-spacer\"><\/div>\n","protected":false},"excerpt":{"rendered":"","protected":false},"author":2,"featured_media":0,"parent":0,"menu_order":0,"comment_status":"closed","ping_status":"closed","template":"","meta":{"neve_meta_sidebar":"","neve_meta_container":"","neve_meta_enable_content_width":"","neve_meta_content_width":0,"neve_meta_title_alignment":"","neve_meta_author_avatar":"","neve_post_elements_order":"","neve_meta_disable_header":"","neve_meta_disable_footer":"","neve_meta_disable_title":"on","footnotes":""},"class_list":["post-234","page","type-page","status-publish","hentry"],"_links":{"self":[{"href":"https:\/\/www.ancalagon.be\/index.php?rest_route=\/wp\/v2\/pages\/234","targetHints":{"allow":["GET"]}}],"collection":[{"href":"https:\/\/www.ancalagon.be\/index.php?rest_route=\/wp\/v2\/pages"}],"about":[{"href":"https:\/\/www.ancalagon.be\/index.php?rest_route=\/wp\/v2\/types\/page"}],"author":[{"embeddable":true,"href":"https:\/\/www.ancalagon.be\/index.php?rest_route=\/wp\/v2\/users\/2"}],"replies":[{"embeddable":true,"href":"https:\/\/www.ancalagon.be\/index.php?rest_route=%2Fwp%2Fv2%2Fcomments&post=234"}],"version-history":[{"count":4,"href":"https:\/\/www.ancalagon.be\/index.php?rest_route=\/wp\/v2\/pages\/234\/revisions"}],"predecessor-version":[{"id":514,"href":"https:\/\/www.ancalagon.be\/index.php?rest_route=\/wp\/v2\/pages\/234\/revisions\/514"}],"wp:attachment":[{"href":"https:\/\/www.ancalagon.be\/index.php?rest_route=%2Fwp%2Fv2%2Fmedia&parent=234"}],"curies":[{"name":"wp","href":"https:\/\/api.w.org\/{rel}","templated":true}]}}