{"id":160,"date":"2024-04-26T12:08:40","date_gmt":"2024-04-26T12:08:40","guid":{"rendered":"https:\/\/dev.ancalagon.be\/?page_id=160"},"modified":"2024-07-15T13:27:43","modified_gmt":"2024-07-15T13:27:43","slug":"optimisation-des-performances-web","status":"publish","type":"page","link":"https:\/\/www.ancalagon.be\/?page_id=160","title":{"rendered":"Optimisation des performances Web"},"content":{"rendered":"\n<div style=\"height:36px\" aria-hidden=\"true\" class=\"wp-block-spacer\"><\/div>\n\n\n\n<div class=\"wp-block-cover has-parallax\" style=\"min-height:201px;aspect-ratio:unset;\"><span aria-hidden=\"true\" class=\"wp-block-cover__background has-nv-dark-bg-background-color has-background-dim\"><\/span><div class=\"wp-block-cover__image-background wp-image-38 has-parallax\" style=\"background-position:50% 50%;background-image:url(https:\/\/www.ancalagon.be\/wp-content\/uploads\/2024\/04\/wallpaper_ancalagon_dev-scaled.jpg)\"><\/div><div class=\"wp-block-cover__inner-container is-layout-constrained wp-block-cover-is-layout-constrained\">\n<hr class=\"wp-block-separator has-alpha-channel-opacity\"\/>\n\n\n\n<p class=\"has-text-align-center has-nv-site-bg-color has-text-color has-link-color has-medium-font-size wp-elements-5dcfd7d4477e6184a049279896df80c7\"><strong>Ancalagon accompagne ses clients dans l&#8217;optimisation des performances et la scalabilit\u00e9 de leurs applications Web.<\/strong><\/p>\n\n\n\n<hr class=\"wp-block-separator has-alpha-channel-opacity\"\/>\n<\/div><\/div>\n\n\n\n<div style=\"height:36px\" aria-hidden=\"true\" class=\"wp-block-spacer\"><\/div>\n\n\n\n<div class=\"wp-block-cover is-light\"><span aria-hidden=\"true\" class=\"wp-block-cover__background has-nv-site-bg-background-color has-background-dim\"><\/span><div class=\"wp-block-cover__inner-container is-layout-constrained wp-block-cover-is-layout-constrained\">\n<div style=\"height:36px\" aria-hidden=\"true\" class=\"wp-block-spacer\"><\/div>\n\n\n\n<div class=\"wp-block-group has-nv-dark-bg-color has-text-color has-link-color wp-elements-a703e8a235f39b9a9dcd58b0fa484b08\" style=\"font-size:18px\"><div class=\"wp-block-group__inner-container is-layout-constrained wp-block-group-is-layout-constrained\">\n<p class=\"has-nv-dark-bg-color has-text-color has-link-color wp-elements-fa588bf0af95a95f503741801a086fcb\" style=\"font-size:18px\"><strong>Notre savoir-faire dans ce domaine se traduit par :<\/strong><\/p>\n\n\n\n<ul class=\"wp-block-list\">\n<li style=\"font-size:18px\"><strong>Analyse approfondie des applications Web<\/strong>: Nous r\u00e9alisons un diagnostic complet de votre application Web, en examinant son code, ses bases de donn\u00e9es et son architecture globale.<\/li>\n\n\n\n<li style=\"font-size:18px\"><strong>Identification des goulots d&#8217;\u00e9tranglement<\/strong>: Nous identifions les \u00e9l\u00e9ments de votre application Web qui limitent ses performances et sa capacit\u00e9 \u00e0 \u00e9voluer.<\/li>\n\n\n\n<li style=\"font-size:18px\"><strong>Mise en place de solutions sur mesure<\/strong>: Nous proposons des solutions personnalis\u00e9es pour optimiser les performances de votre application Web et garantir sa scalabilit\u00e9 en cas de pics de trafic.<\/li>\n\n\n\n<li style=\"font-size:18px\"><strong>Solutions d&#8217;h\u00e9bergement optimis\u00e9es<\/strong>: Nous vous conseillons sur le choix de solutions d&#8217;h\u00e9bergement adapt\u00e9es aux besoins sp\u00e9cifiques de votre application Web, en tenant compte de sa charge et de ses exigences en mati\u00e8re de performance.<\/li>\n<\/ul>\n\n\n\n<p class=\"has-nv-dark-bg-color has-text-color has-link-color wp-elements-63bb866e145c5c082a6a8ac71c4e300b\" style=\"font-size:18px\"><strong>Ancalagon vous aide \u00e0 :<\/strong><\/p>\n\n\n\n<ul class=\"wp-block-list\">\n<li style=\"font-size:18px\"><strong>Acc\u00e9l\u00e9rer les temps de chargement de votre application Web<\/strong><\/li>\n\n\n\n<li style=\"font-size:18px\"><strong>G\u00e9rer efficacement les pics de trafic<\/strong><\/li>\n\n\n\n<li style=\"font-size:18px\"><strong>R\u00e9duire les co\u00fbts d&#8217;infrastructure<\/strong><\/li>\n\n\n\n<li style=\"font-size:18px\"><strong>Assurer la croissance future de votre application Web<\/strong><\/li>\n<\/ul>\n\n\n\n<p class=\"has-nv-dark-bg-color has-text-color has-link-color wp-elements-0bf1c6a43dca0c6884fc7cf138176c78\" style=\"font-size:18px\">Notre approche rigoureuse et notre expertise technique nous permettent de vous proposer des solutions concr\u00e8tes et efficaces pour optimiser les performances et la scalabilit\u00e9 de votre application Web.<\/p>\n\n\n\n<p class=\"has-nv-dark-bg-color has-text-color has-link-color wp-elements-16df83f2a76b38581fc4d78762ef8c88\" style=\"font-size:18px\">En utilisant des machines virtuelles volatiles \u00e0 courte dur\u00e9e de vie, nous mettons \u00e0 votre disposition un tr\u00e8s grand nombre de ressources \u00e0 un co\u00fbt qui reste parfaitement ma\u00eetris\u00e9.<\/p>\n<\/div><\/div>\n\n\n\n<div style=\"height:36px\" aria-hidden=\"true\" class=\"wp-block-spacer\"><\/div>\n<\/div><\/div>\n\n\n\n<div style=\"height:36px\" aria-hidden=\"true\" class=\"wp-block-spacer\"><\/div>\n","protected":false},"excerpt":{"rendered":"","protected":false},"author":2,"featured_media":0,"parent":0,"menu_order":0,"comment_status":"closed","ping_status":"closed","template":"","meta":{"neve_meta_sidebar":"","neve_meta_container":"","neve_meta_enable_content_width":"","neve_meta_content_width":0,"neve_meta_title_alignment":"","neve_meta_author_avatar":"","neve_post_elements_order":"","neve_meta_disable_header":"","neve_meta_disable_footer":"","neve_meta_disable_title":"on","footnotes":""},"class_list":["post-160","page","type-page","status-publish","hentry"],"_links":{"self":[{"href":"https:\/\/www.ancalagon.be\/index.php?rest_route=\/wp\/v2\/pages\/160","targetHints":{"allow":["GET"]}}],"collection":[{"href":"https:\/\/www.ancalagon.be\/index.php?rest_route=\/wp\/v2\/pages"}],"about":[{"href":"https:\/\/www.ancalagon.be\/index.php?rest_route=\/wp\/v2\/types\/page"}],"author":[{"embeddable":true,"href":"https:\/\/www.ancalagon.be\/index.php?rest_route=\/wp\/v2\/users\/2"}],"replies":[{"embeddable":true,"href":"https:\/\/www.ancalagon.be\/index.php?rest_route=%2Fwp%2Fv2%2Fcomments&post=160"}],"version-history":[{"count":6,"href":"https:\/\/www.ancalagon.be\/index.php?rest_route=\/wp\/v2\/pages\/160\/revisions"}],"predecessor-version":[{"id":449,"href":"https:\/\/www.ancalagon.be\/index.php?rest_route=\/wp\/v2\/pages\/160\/revisions\/449"}],"wp:attachment":[{"href":"https:\/\/www.ancalagon.be\/index.php?rest_route=%2Fwp%2Fv2%2Fmedia&parent=160"}],"curies":[{"name":"wp","href":"https:\/\/api.w.org\/{rel}","templated":true}]}}