{"id":157,"date":"2024-04-26T12:08:47","date_gmt":"2024-04-26T12:08:47","guid":{"rendered":"https:\/\/dev.ancalagon.be\/?page_id=157"},"modified":"2024-07-15T13:20:44","modified_gmt":"2024-07-15T13:20:44","slug":"gestion-de-serveurs-linux","status":"publish","type":"page","link":"https:\/\/www.ancalagon.be\/?page_id=157","title":{"rendered":"Gestion de serveurs Linux"},"content":{"rendered":"\n<div style=\"height:36px\" aria-hidden=\"true\" class=\"wp-block-spacer\"><\/div>\n\n\n\n<div class=\"wp-block-cover has-parallax\" style=\"min-height:201px;aspect-ratio:unset;\"><span aria-hidden=\"true\" class=\"wp-block-cover__background has-nv-dark-bg-background-color has-background-dim\"><\/span><div class=\"wp-block-cover__image-background wp-image-38 has-parallax\" style=\"background-position:50% 50%;background-image:url(https:\/\/www.ancalagon.be\/wp-content\/uploads\/2024\/04\/wallpaper_ancalagon_dev-scaled.jpg)\"><\/div><div class=\"wp-block-cover__inner-container is-layout-constrained wp-block-cover-is-layout-constrained\">\n<hr class=\"wp-block-separator has-alpha-channel-opacity\"\/>\n\n\n\n<p class=\"has-text-align-center has-nv-site-bg-color has-text-color has-link-color has-medium-font-size wp-elements-1fa29bf7bfbdb9af7aca07d14cc3afad\"><strong>Ancalagon se distingue par son expertise in\u00e9gal\u00e9e dans la gestion de serveurs Linux.<\/strong><\/p>\n\n\n\n<hr class=\"wp-block-separator has-alpha-channel-opacity\"\/>\n<\/div><\/div>\n\n\n\n<div style=\"height:36px\" aria-hidden=\"true\" class=\"wp-block-spacer\"><\/div>\n\n\n\n<div class=\"wp-block-cover is-light has-nv-dark-bg-color has-text-color has-link-color wp-elements-67d98a59176350fb74ef08de4400330b\"><span aria-hidden=\"true\" class=\"wp-block-cover__background has-nv-site-bg-background-color has-background-dim\"><\/span><div class=\"wp-block-cover__inner-container is-layout-constrained wp-block-cover-is-layout-constrained\">\n<div style=\"height:36px\" aria-hidden=\"true\" class=\"wp-block-spacer\"><\/div>\n\n\n\n<div class=\"wp-block-group has-nv-dark-bg-color has-text-color has-link-color wp-elements-6959891259018e490a918c975a8cd705\" style=\"font-size:18px\"><div class=\"wp-block-group__inner-container is-layout-constrained wp-block-group-is-layout-constrained\">\n<p class=\"has-nv-dark-bg-color has-text-color has-link-color wp-elements-914c8827eb1bdb48ccd268b044ef778f\" style=\"font-size:18px\">Nos \u00e9quipes chevronn\u00e9es pilotent quotidiennement plusieurs centaines de serveurs Linux r\u00e9partis chez nos clients, garantissant un fonctionnement optimal et une disponibilit\u00e9 constante. Notre savoir-faire s&#8217;\u00e9tend \u00e0 l&#8217;ensemble des aspects critiques de la gestion de serveurs Linux, depuis l&#8217;installation et la configuration jusqu&#8217;\u00e0 la maintenance et la s\u00e9curisation.<\/p>\n\n\n\n<p class=\"has-nv-dark-bg-color has-text-color has-link-color wp-elements-e0a512b42dbdae9fc2ddd4257dafde6f\" style=\"font-size:18px\"><strong>Nos atouts cl\u00e9s :<\/strong><\/p>\n\n\n\n<ul class=\"wp-block-list\">\n<li style=\"font-size:18px\"><strong>Expertise approfondie des technologies Linux<\/strong>: Nos \u00e9quipes poss\u00e8dent une connaissance approfondie des diff\u00e9rentes distributions Linux, ainsi que des outils et des pratiques de gestion les plus performants.<\/li>\n\n\n\n<li style=\"font-size:18px\"><strong>Gestion centralis\u00e9e et efficiente<\/strong>: Nous centralisons la surveillance et la gestion de l&#8217;ensemble des serveurs Linux de nos clients, garantissant une visibilit\u00e9 globale et une r\u00e9activit\u00e9 accrue en cas d&#8217;incident.<\/li>\n\n\n\n<li style=\"font-size:18px\"><strong>Approche proactive et pr\u00e9ventive<\/strong>: Nous mettons en \u0153uvre des strat\u00e9gies proactives pour anticiper et pr\u00e9venir les probl\u00e8mes potentiels, minimisant ainsi les interruptions de service et les pertes de donn\u00e9es.<\/li>\n\n\n\n<li style=\"font-size:18px\"><strong>Engagement envers la s\u00e9curit\u00e9<\/strong>: La s\u00e9curit\u00e9 des donn\u00e9es de nos clients est notre priorit\u00e9 absolue. Nous appliquons des mesures de s\u00e9curit\u00e9 rigoureuses pour prot\u00e9ger les serveurs contre les intrusions et les cybermenaces.<\/li>\n\n\n\n<li style=\"font-size:18px\"><strong>Support client irr\u00e9prochable<\/strong>: Notre \u00e9quipe d\u00e9di\u00e9e est disponible 24\/7 pour r\u00e9pondre aux questions et r\u00e9soudre les probl\u00e8mes de nos clients, leur assurant une assistance r\u00e9active et efficace.<\/li>\n<\/ul>\n\n\n\n<p class=\"has-nv-dark-bg-color has-text-color has-link-color wp-elements-efbb9a882168d11e5d11af66413963d7\" style=\"font-size:18px\">Ancalagon, votre partenaire de confiance pour une gestion de serveurs Linux optimale.<\/p>\n\n\n\n<p class=\"has-nv-dark-bg-color has-text-color has-link-color wp-elements-752f740d99c6d32199dbd9bbd2a49792\" style=\"font-size:18px\">En confiant la gestion de vos serveurs Linux \u00e0 Ancalagon, vous profitez de nombreux avantages :<\/p>\n\n\n\n<ul class=\"wp-block-list\">\n<li style=\"font-size:18px\">Am\u00e9lioration de la performance et de la fiabilit\u00e9 des serveurs<\/li>\n\n\n\n<li style=\"font-size:18px\">R\u00e9duction des co\u00fbts op\u00e9rationnels<\/li>\n\n\n\n<li style=\"font-size:18px\">Augmentation de la s\u00e9curit\u00e9 des donn\u00e9es<\/li>\n\n\n\n<li style=\"font-size:18px\">Lib\u00e9ration de vos \u00e9quipes informatiques pour se concentrer sur des t\u00e2ches strat\u00e9giques<\/li>\n\n\n\n<li style=\"font-size:18px\">Tranquillit\u00e9 d&#8217;esprit assur\u00e9e par une expertise reconnue<\/li>\n<\/ul>\n<\/div><\/div>\n\n\n\n<div style=\"height:36px\" aria-hidden=\"true\" class=\"wp-block-spacer\"><\/div>\n<\/div><\/div>\n\n\n\n<div style=\"height:36px\" aria-hidden=\"true\" class=\"wp-block-spacer\"><\/div>\n","protected":false},"excerpt":{"rendered":"","protected":false},"author":2,"featured_media":0,"parent":0,"menu_order":0,"comment_status":"closed","ping_status":"closed","template":"","meta":{"neve_meta_sidebar":"","neve_meta_container":"","neve_meta_enable_content_width":"","neve_meta_content_width":0,"neve_meta_title_alignment":"","neve_meta_author_avatar":"","neve_post_elements_order":"","neve_meta_disable_header":"off","neve_meta_disable_footer":"","neve_meta_disable_title":"on","footnotes":""},"class_list":["post-157","page","type-page","status-publish","hentry"],"_links":{"self":[{"href":"https:\/\/www.ancalagon.be\/index.php?rest_route=\/wp\/v2\/pages\/157","targetHints":{"allow":["GET"]}}],"collection":[{"href":"https:\/\/www.ancalagon.be\/index.php?rest_route=\/wp\/v2\/pages"}],"about":[{"href":"https:\/\/www.ancalagon.be\/index.php?rest_route=\/wp\/v2\/types\/page"}],"author":[{"embeddable":true,"href":"https:\/\/www.ancalagon.be\/index.php?rest_route=\/wp\/v2\/users\/2"}],"replies":[{"embeddable":true,"href":"https:\/\/www.ancalagon.be\/index.php?rest_route=%2Fwp%2Fv2%2Fcomments&post=157"}],"version-history":[{"count":10,"href":"https:\/\/www.ancalagon.be\/index.php?rest_route=\/wp\/v2\/pages\/157\/revisions"}],"predecessor-version":[{"id":444,"href":"https:\/\/www.ancalagon.be\/index.php?rest_route=\/wp\/v2\/pages\/157\/revisions\/444"}],"wp:attachment":[{"href":"https:\/\/www.ancalagon.be\/index.php?rest_route=%2Fwp%2Fv2%2Fmedia&parent=157"}],"curies":[{"name":"wp","href":"https:\/\/api.w.org\/{rel}","templated":true}]}}