{"id":12,"date":"2024-04-18T13:21:25","date_gmt":"2024-04-18T13:21:25","guid":{"rendered":"https:\/\/dev.ancalagon.be\/?page_id=12"},"modified":"2024-08-21T10:23:48","modified_gmt":"2024-08-21T10:23:48","slug":"project-details","status":"publish","type":"page","link":"https:\/\/www.ancalagon.be\/?page_id=12","title":{"rendered":"Produits"},"content":{"rendered":"\n<div style=\"height:36px\" aria-hidden=\"true\" class=\"wp-block-spacer\"><\/div>\n\n\n\n<div class=\"wp-block-cover has-parallax\" style=\"min-height:201px;aspect-ratio:unset;\"><span aria-hidden=\"true\" class=\"wp-block-cover__background has-nv-dark-bg-background-color has-background-dim\"><\/span><div class=\"wp-block-cover__image-background wp-image-38 has-parallax\" style=\"background-position:50% 50%;background-image:url(https:\/\/www.ancalagon.be\/wp-content\/uploads\/2024\/04\/wallpaper_ancalagon_dev-scaled.jpg)\"><\/div><div class=\"wp-block-cover__inner-container is-layout-constrained wp-block-cover-is-layout-constrained\">\n<hr class=\"wp-block-separator has-alpha-channel-opacity\"\/>\n\n\n\n<p class=\"has-text-align-center has-nv-site-bg-color has-text-color has-link-color has-medium-font-size wp-elements-3999eec8f15a74f79cc5d582513e066e\"><strong>Ancalagon, soucieux de r\u00e9pondre aux besoins vari\u00e9s de ses clients, propose une gamme de produits IT pr\u00e9-packag\u00e9s, con\u00e7us pour offrir des solutions pr\u00eates \u00e0 l&#8217;emploi, fiables et \u00e9conomiques.<\/strong><\/p>\n\n\n\n<hr class=\"wp-block-separator has-alpha-channel-opacity\"\/>\n<\/div><\/div>\n\n\n\n<div style=\"height:36px\" aria-hidden=\"true\" class=\"wp-block-spacer\"><\/div>\n\n\n\n<div class=\"wp-block-cover is-light\" style=\"min-height:983px;aspect-ratio:unset;\"><span aria-hidden=\"true\" class=\"wp-block-cover__background has-nv-site-bg-background-color has-background-dim\"><\/span><div class=\"wp-block-cover__inner-container is-layout-constrained wp-block-cover-is-layout-constrained\">\n<div style=\"height:36px\" aria-hidden=\"true\" class=\"wp-block-spacer\"><\/div>\n\n\n\n<div class=\"wp-block-group has-nv-dark-bg-color has-text-color has-link-color wp-elements-c07c47220c080373e96118c367b5712f\" style=\"font-size:18px\"><div class=\"wp-block-group__inner-container is-layout-constrained wp-block-group-is-layout-constrained\">\n<p style=\"font-size:18px\">Ces produits, aux contours pr\u00e9d\u00e9finis, s&#8217;adressent aux clients qui recherchent un d\u00e9ploiement rapide et un acc\u00e8s simplifi\u00e9 \u00e0 des services IT essentiels.<\/p>\n\n\n<div class=\"wp-block-image\">\n<figure class=\"aligncenter size-full is-resized\"><img loading=\"lazy\" decoding=\"async\" width=\"640\" height=\"640\" src=\"https:\/\/www.ancalagon.be\/wp-content\/uploads\/2024\/07\/logo_internet_black-1.png\" alt=\"\" class=\"wp-image-429\" style=\"width:138px;height:auto\" srcset=\"https:\/\/www.ancalagon.be\/wp-content\/uploads\/2024\/07\/logo_internet_black-1.png 640w, https:\/\/www.ancalagon.be\/wp-content\/uploads\/2024\/07\/logo_internet_black-1-300x300.png 300w, https:\/\/www.ancalagon.be\/wp-content\/uploads\/2024\/07\/logo_internet_black-1-150x150.png 150w\" sizes=\"auto, (max-width: 640px) 100vw, 640px\" \/><\/figure>\n<\/div>\n\n\n<div style=\"height:36px\" aria-hidden=\"true\" class=\"wp-block-spacer\"><\/div>\n\n\n\n<p style=\"font-size:18px\"><strong>Notre gamme de produits comprend :<\/strong><\/p>\n\n\n\n<div class=\"wp-block-columns has-small-font-size is-layout-flex wp-container-core-columns-is-layout-9d6595d7 wp-block-columns-is-layout-flex\">\n<div class=\"wp-block-column has-medium-font-size is-layout-flow wp-block-column-is-layout-flow\">\n<p style=\"font-size:18px\"><strong>H\u00e9bergement de site web:<\/strong><\/p>\n\n\n\n<ul style=\"font-size:18px\" class=\"wp-block-list\">\n<li style=\"font-size:18px\">Solution id\u00e9ale pour les particuliers et les petites entreprises souhaitant cr\u00e9er une pr\u00e9sence en ligne professionnelle.<\/li>\n\n\n\n<li style=\"font-size:18px\">Diff\u00e9rents forfaits sont disponibles pour r\u00e9pondre \u00e0 vos besoins en mati\u00e8re d&#8217;espace de stockage, de bande passante et de fonctionnalit\u00e9s.<\/li>\n\n\n\n<li style=\"font-size:18px\">H\u00e9bergement mutualis\u00e9 performant et s\u00e9curis\u00e9.<\/li>\n\n\n\n<li style=\"font-size:18px\">Noms de domaine inclus pour une identit\u00e9 web unique.<\/li>\n\n\n\n<li style=\"font-size:18px\">Interface de gestion intuitive pour une administration simplifi\u00e9e<\/li>\n<\/ul>\n<\/div>\n\n\n\n<div class=\"wp-block-column has-medium-font-size is-layout-flow wp-block-column-is-layout-flow\">\n<p style=\"font-size:18px\"><strong>Noms de domaine:<\/strong><\/p>\n\n\n\n<ul style=\"font-size:18px\" class=\"wp-block-list\">\n<li>Enregistrez votre nom de domaine unique pour votre site web ou votre adresse e-mail professionnelle.<\/li>\n\n\n\n<li>Large choix d&#8217;extensions disponibles (.com, .fr, .org, etc.).<\/li>\n\n\n\n<li>Protection et gestion simplifi\u00e9es de votre nom de domaine gr\u00e2ce \u00e0 notre interface d\u00e9di\u00e9e.<\/li>\n\n\n\n<li>R\u00e9solution DNS fiable pour une accessibilit\u00e9 optimale de votre site web.<\/li>\n<\/ul>\n<\/div>\n<\/div>\n<\/div><\/div>\n\n\n\n<div class=\"wp-block-columns is-layout-flex wp-container-core-columns-is-layout-9d6595d7 wp-block-columns-is-layout-flex\">\n<div class=\"wp-block-column has-nv-dark-bg-color has-text-color has-link-color wp-elements-d90f2c684b07c4f13be0f574949914e8 is-layout-flow wp-block-column-is-layout-flow\" style=\"font-size:18px\">\n<p class=\"has-nv-dark-bg-color has-text-color has-link-color wp-elements-bd60eb6f7b98ce4daa6d054a714ef027\" style=\"font-size:18px\"><strong>H\u00e9bergement de serveurs virtuels (VPS):<\/strong><\/p>\n\n\n\n<ul style=\"font-size:18px\" class=\"wp-block-list\">\n<li style=\"font-size:18px\">Solution flexible et \u00e9volutive pour les sites web et applications n\u00e9cessitant plus de ressources.<\/li>\n\n\n\n<li style=\"font-size:18px\">Acc\u00e8s \u00e0 un serveur virtuel d\u00e9di\u00e9 avec des ressources CPU, RAM et stockage personnalisables.<\/li>\n\n\n\n<li style=\"font-size:18px\">Contr\u00f4le accru sur votre environnement serveur pour une configuration sur mesure.<\/li>\n\n\n\n<li style=\"font-size:18px\">Id\u00e9al pour les petites entreprises et les projets en croissance.<\/li>\n<\/ul>\n<\/div>\n\n\n\n<div class=\"wp-block-column is-vertically-aligned-stretch is-layout-flow wp-block-column-is-layout-flow\">\n<p class=\"has-nv-dark-bg-color has-text-color has-link-color wp-elements-0eec081b92b205552a67d64aa4e24c46\" style=\"font-size:18px\"><strong>H\u00e9bergement de serveurs physiques:<\/strong><\/p>\n\n\n\n<ul style=\"font-size:18px\" class=\"wp-block-list has-nv-dark-bg-color has-text-color has-link-color wp-elements-5286a01a05179b0ad0627f2249d69790\">\n<li style=\"font-size:18px\">Solution puissante et personnalisable pour les applications critiques et les environnements exigeants.<\/li>\n\n\n\n<li style=\"font-size:18px\">Serveurs physiques d\u00e9di\u00e9s offrant des performances et une s\u00e9curit\u00e9 optimales.<\/li>\n\n\n\n<li style=\"font-size:18px\">Contr\u00f4le total sur la configuration et la gestion de votre serveur.<\/li>\n\n\n\n<li style=\"font-size:18px\">Solution id\u00e9ale pour les grandes entreprises et les projets complexes.<\/li>\n<\/ul>\n<\/div>\n<\/div>\n\n\n\n<div style=\"height:36px\" aria-hidden=\"true\" class=\"wp-block-spacer\"><\/div>\n<\/div><\/div>\n\n\n\n<div style=\"height:36px\" aria-hidden=\"true\" class=\"wp-block-spacer\"><\/div>\n","protected":false},"excerpt":{"rendered":"","protected":false},"author":2,"featured_media":0,"parent":0,"menu_order":0,"comment_status":"closed","ping_status":"closed","template":"","meta":{"neve_meta_sidebar":"","neve_meta_container":"","neve_meta_enable_content_width":"on","neve_meta_content_width":100,"neve_meta_title_alignment":"","neve_meta_author_avatar":"","neve_post_elements_order":"","neve_meta_disable_header":"","neve_meta_disable_footer":"","neve_meta_disable_title":"on","footnotes":""},"class_list":["post-12","page","type-page","status-publish","hentry"],"_links":{"self":[{"href":"https:\/\/www.ancalagon.be\/index.php?rest_route=\/wp\/v2\/pages\/12","targetHints":{"allow":["GET"]}}],"collection":[{"href":"https:\/\/www.ancalagon.be\/index.php?rest_route=\/wp\/v2\/pages"}],"about":[{"href":"https:\/\/www.ancalagon.be\/index.php?rest_route=\/wp\/v2\/types\/page"}],"author":[{"embeddable":true,"href":"https:\/\/www.ancalagon.be\/index.php?rest_route=\/wp\/v2\/users\/2"}],"replies":[{"embeddable":true,"href":"https:\/\/www.ancalagon.be\/index.php?rest_route=%2Fwp%2Fv2%2Fcomments&post=12"}],"version-history":[{"count":26,"href":"https:\/\/www.ancalagon.be\/index.php?rest_route=\/wp\/v2\/pages\/12\/revisions"}],"predecessor-version":[{"id":515,"href":"https:\/\/www.ancalagon.be\/index.php?rest_route=\/wp\/v2\/pages\/12\/revisions\/515"}],"wp:attachment":[{"href":"https:\/\/www.ancalagon.be\/index.php?rest_route=%2Fwp%2Fv2%2Fmedia&parent=12"}],"curies":[{"name":"wp","href":"https:\/\/api.w.org\/{rel}","templated":true}]}}