{"id":11,"date":"2024-04-18T13:21:25","date_gmt":"2024-04-18T13:21:25","guid":{"rendered":"https:\/\/dev.ancalagon.be\/?page_id=11"},"modified":"2024-07-15T13:08:09","modified_gmt":"2024-07-15T13:08:09","slug":"portofolio","status":"publish","type":"page","link":"https:\/\/www.ancalagon.be\/?page_id=11","title":{"rendered":"Services"},"content":{"rendered":"\n<div style=\"height:36px\" aria-hidden=\"true\" class=\"wp-block-spacer\"><\/div>\n\n\n\n<div class=\"wp-block-cover has-parallax\" style=\"min-height:201px;aspect-ratio:unset;\"><span aria-hidden=\"true\" class=\"wp-block-cover__background has-nv-dark-bg-background-color has-background-dim\"><\/span><div class=\"wp-block-cover__image-background wp-image-38 has-parallax\" style=\"background-position:50% 50%;background-image:url(https:\/\/www.ancalagon.be\/wp-content\/uploads\/2024\/04\/wallpaper_ancalagon_dev-scaled.jpg)\"><\/div><div class=\"wp-block-cover__inner-container is-layout-constrained wp-block-cover-is-layout-constrained\">\n<hr class=\"wp-block-separator has-alpha-channel-opacity\"\/>\n\n\n\n<p class=\"has-text-align-center has-nv-site-bg-color has-text-color has-link-color has-medium-font-size wp-elements-c55157e59dcdedc26d44fe42e520855b\"><strong>Ancalagon offre une gamme compl\u00e8te de services de gestion d&#8217;infrastructure IT pour r\u00e9pondre aux besoins de toutes les entreprises, quelle que soit leur taille ou leur secteur d&#8217;activit\u00e9.<\/strong><\/p>\n\n\n\n<hr class=\"wp-block-separator has-alpha-channel-opacity\"\/>\n<\/div><\/div>\n\n\n\n<div style=\"height:36px\" aria-hidden=\"true\" class=\"wp-block-spacer\"><\/div>\n\n\n\n<div class=\"wp-block-cover is-light\" style=\"min-height:600px;aspect-ratio:unset;\"><span aria-hidden=\"true\" class=\"wp-block-cover__background has-nv-site-bg-background-color has-background-dim\"><\/span><div class=\"wp-block-cover__inner-container is-layout-flow wp-block-cover-is-layout-flow\">\n<div class=\"wp-block-group\"><div class=\"wp-block-group__inner-container is-layout-flow wp-block-group-is-layout-flow\">\n<div style=\"height:36px\" aria-hidden=\"true\" class=\"wp-block-spacer\"><\/div>\n\n\n\n<div class=\"wp-block-group has-nv-dark-bg-color has-text-color has-link-color wp-elements-37532835eb58ea63f7f8d37050e7d04d\"><div class=\"wp-block-group__inner-container is-layout-constrained wp-block-group-is-layout-constrained\">\n<p>Notre expertise s&#8217;\u00e9tend \u00e0 toutes les \u00e9tapes de la mise en \u0153uvre d&#8217;une infrastructure IT, du niveau \u00e9lectrique au niveau s\u00e9curit\u00e9, en passant par le refroidissement, le r\u00e9seau, les serveurs et le stockage.<\/p>\n\n\n\n<p><strong>Nos services incluent :<\/strong><\/p>\n\n\n\n<ul class=\"wp-block-list\">\n<li><strong>Consultation et planification<\/strong>: Nous vous aidons \u00e0 d\u00e9finir vos besoins en mati\u00e8re d&#8217;infrastructure IT et \u00e0 \u00e9laborer un plan pour les atteindre.<\/li>\n\n\n\n<li><strong>Conception et mise en \u0153uvre<\/strong>: Nous concevons et mettons en \u0153uvre des solutions d&#8217;infrastructure IT personnalis\u00e9es.<\/li>\n\n\n\n<li><strong>Gestion et maintenance<\/strong>: Nous assurons la gestion et la maintenance de votre infrastructure IT pour que vous puissiez vous concentrer sur vos activit\u00e9s principales.<\/li>\n\n\n\n<li><strong>Surveillance et d\u00e9pannage<\/strong>: Nous surveillons votre infrastructure IT 24h\/24 et 7j\/7 et r\u00e9solvons rapidement les probl\u00e8mes \u00e9ventuels.<\/li>\n\n\n\n<li><strong>Backup et DRP<\/strong>: Outre la surveillance et la supervision des infrastructures, nous r\u00e9alisons les backups les plus pointus et surtout nous les v\u00e9rifions de mani\u00e8re totalement fiable.<\/li>\n\n\n\n<li><strong>S\u00e9curit\u00e9<\/strong>: Nous prot\u00e9geons votre infrastructure IT contre les menaces internes et externes.<\/li>\n<\/ul>\n\n\n\n<p><strong>Nous sommes fiers de notre exp\u00e9rience et de notre expertise dans la gestion d&#8217;infrastructures IT complexes.<\/strong> Nous avons une \u00e9quipe d&#8217;ing\u00e9nieurs exp\u00e9riment\u00e9s qui sont passionn\u00e9s par les technologies de l&#8217;information.<\/p>\n\n\n\n<p><strong>Nous sommes convaincus que nous pouvons vous aider \u00e0 am\u00e9liorer les performances, la fiabilit\u00e9 et la s\u00e9curit\u00e9 de votre infrastructure IT.<\/strong><\/p>\n\n\n\n<p><strong>Voici quelques-uns des avantages de nos services de gestion d&#8217;infrastructure IT :<\/strong><\/p>\n\n\n\n<ul class=\"wp-block-list\">\n<li><strong>R\u00e9duction des co\u00fbts<\/strong>: Nous pouvons vous aider \u00e0 r\u00e9duire vos co\u00fbts d&#8217;infrastructure IT en optimisant vos ressources.<\/li>\n\n\n\n<li><strong>Am\u00e9lioration des performances<\/strong>: Nous pouvons vous aider \u00e0 am\u00e9liorer les performances de votre infrastructure IT.<\/li>\n\n\n\n<li><strong>Augmentation de la fiabilit\u00e9<\/strong>: Nous pouvons vous aider \u00e0 augmenter la fiabilit\u00e9 de votre infrastructure IT en mettant en place des proc\u00e9dures de sauvegarde et de reprise apr\u00e8s sinistre.<\/li>\n\n\n\n<li><strong>Am\u00e9lioration de la s\u00e9curit\u00e9<\/strong>: Nous pouvons vous aider \u00e0 am\u00e9liorer la s\u00e9curit\u00e9 de votre infrastructure IT en mettant en place des mesures de s\u00e9curit\u00e9 ad\u00e9quates.<\/li>\n<\/ul>\n\n\n\n<p>En plus de nos services de gestion d&#8217;infrastructure IT, nous proposons \u00e9galement une gamme d&#8217;autres services informatiques, notamment :<\/p>\n\n\n\n<ul class=\"wp-block-list\">\n<li>H\u00e9bergement d\u2019infrastructure<\/li>\n\n\n\n<li>Solutions de cloud computing<\/li>\n\n\n\n<li>Solutions de s\u00e9curit\u00e9 informatique (Firewalling, D\u00e9tection d&#8217;intrusion, WAF,&#8230;)<\/li>\n<\/ul>\n\n\n\n<p class=\"has-nv-dark-bg-color has-text-color has-link-color wp-elements-90cb85619d65f32ff5b4c2c36a3ad6d1\"><a href=\"https:\/\/www.ancalagon.be\/?page_id=10\" data-type=\"page\" data-id=\"10\" target=\"_blank\" rel=\"noreferrer noopener\"><strong>Contactez-nous<\/strong><\/a> d\u00e8s aujourd&#8217;hui pour en savoir plus sur nos services.<\/p>\n<\/div><\/div>\n<\/div><\/div>\n\n\n\n<div style=\"height:36px\" aria-hidden=\"true\" class=\"wp-block-spacer\"><\/div>\n\n\n\n<div class=\"wp-block-columns are-vertically-aligned-center is-layout-flex wp-container-core-columns-is-layout-9d6595d7 wp-block-columns-is-layout-flex\">\n<div class=\"wp-block-column is-vertically-aligned-center is-layout-flow wp-block-column-is-layout-flow\" style=\"flex-basis:50%\"><div class=\"wp-block-image\">\n<figure class=\"aligncenter size-large is-resized\"><img loading=\"lazy\" decoding=\"async\" width=\"848\" height=\"1024\" src=\"https:\/\/www.ancalagon.be\/wp-content\/uploads\/2024\/04\/linux_logo-848x1024.png\" alt=\"\" class=\"wp-image-148\" style=\"width:98px;height:auto\" srcset=\"https:\/\/www.ancalagon.be\/wp-content\/uploads\/2024\/04\/linux_logo-848x1024.png 848w, https:\/\/www.ancalagon.be\/wp-content\/uploads\/2024\/04\/linux_logo-248x300.png 248w, https:\/\/www.ancalagon.be\/wp-content\/uploads\/2024\/04\/linux_logo-768x928.png 768w, https:\/\/www.ancalagon.be\/wp-content\/uploads\/2024\/04\/linux_logo-1272x1536.png 1272w, https:\/\/www.ancalagon.be\/wp-content\/uploads\/2024\/04\/linux_logo-1695x2048.png 1695w, https:\/\/www.ancalagon.be\/wp-content\/uploads\/2024\/04\/linux_logo.png 2000w\" sizes=\"auto, (max-width: 848px) 100vw, 848px\" \/><\/figure>\n<\/div>\n\n\n<div style=\"height:0px\" aria-hidden=\"true\" class=\"wp-block-spacer\"><\/div>\n\n\n\n<p class=\"has-text-align-center has-nv-dark-bg-color has-text-color has-link-color has-medium-font-size wp-elements-2b165284c9ed4b64c745a520a3f4ed14\"><strong>Expertise de pointe <br>dans la gestion de serveurs Linux<\/strong><\/p>\n\n\n\n<div class=\"wp-block-buttons is-content-justification-center is-layout-flex wp-container-core-buttons-is-layout-16018d1d wp-block-buttons-is-layout-flex\">\n<div class=\"wp-block-button is-style-primary\"><a class=\"wp-block-button__link has-nv-site-bg-color has-text-color has-link-color wp-element-button\" href=\"https:\/\/www.ancalagon.be\/?page_id=157\">En savoir plus<\/a><\/div>\n<\/div>\n\n\n\n<div style=\"height:35px\" aria-hidden=\"true\" class=\"wp-block-spacer\"><\/div>\n<\/div>\n\n\n\n<div class=\"wp-block-column is-vertically-aligned-center is-layout-flow wp-block-column-is-layout-flow\" style=\"flex-basis:50%\"><div class=\"wp-block-image\">\n<figure class=\"aligncenter size-full is-resized\"><img loading=\"lazy\" decoding=\"async\" width=\"640\" height=\"640\" src=\"https:\/\/www.ancalagon.be\/wp-content\/uploads\/2024\/07\/logo_internet_black-1.png\" alt=\"\" class=\"wp-image-429\" style=\"width:127px;height:auto\" srcset=\"https:\/\/www.ancalagon.be\/wp-content\/uploads\/2024\/07\/logo_internet_black-1.png 640w, https:\/\/www.ancalagon.be\/wp-content\/uploads\/2024\/07\/logo_internet_black-1-300x300.png 300w, https:\/\/www.ancalagon.be\/wp-content\/uploads\/2024\/07\/logo_internet_black-1-150x150.png 150w\" sizes=\"auto, (max-width: 640px) 100vw, 640px\" \/><\/figure>\n<\/div>\n\n\n<div style=\"height:0px\" aria-hidden=\"true\" class=\"wp-block-spacer\"><\/div>\n\n\n\n<p class=\"has-text-align-center has-nv-dark-bg-color has-text-color has-link-color has-medium-font-size wp-elements-fafb54550c033d08a543fb5cced9bdc4\"><strong>Optimisation des performances et scalabilit\u00e9 des applications Web<\/strong><\/p>\n\n\n\n<div style=\"height:0px\" aria-hidden=\"true\" class=\"wp-block-spacer\"><\/div>\n\n\n\n<div style=\"height:0px\" aria-hidden=\"true\" class=\"wp-block-spacer\"><\/div>\n\n\n\n<div class=\"wp-block-buttons is-content-justification-center is-layout-flex wp-container-core-buttons-is-layout-16018d1d wp-block-buttons-is-layout-flex\">\n<div class=\"wp-block-button is-style-primary\"><a class=\"wp-block-button__link has-nv-site-bg-color has-text-color has-link-color wp-element-button\" href=\"https:\/\/www.ancalagon.be\/?page_id=160\">En savoir plus<\/a><\/div>\n<\/div>\n\n\n\n<div style=\"height:36px\" aria-hidden=\"true\" class=\"wp-block-spacer\"><\/div>\n<\/div>\n<\/div>\n\n\n\n<div class=\"wp-block-columns is-layout-flex wp-container-core-columns-is-layout-9d6595d7 wp-block-columns-is-layout-flex\">\n<div class=\"wp-block-column is-layout-flow wp-block-column-is-layout-flow\"><div class=\"wp-block-image\">\n<figure class=\"aligncenter size-full is-resized\"><img loading=\"lazy\" decoding=\"async\" width=\"800\" height=\"800\" src=\"https:\/\/www.ancalagon.be\/wp-content\/uploads\/2024\/07\/padlock_black.png\" alt=\"\" class=\"wp-image-430\" style=\"width:120px;height:auto\" srcset=\"https:\/\/www.ancalagon.be\/wp-content\/uploads\/2024\/07\/padlock_black.png 800w, https:\/\/www.ancalagon.be\/wp-content\/uploads\/2024\/07\/padlock_black-300x300.png 300w, https:\/\/www.ancalagon.be\/wp-content\/uploads\/2024\/07\/padlock_black-150x150.png 150w, https:\/\/www.ancalagon.be\/wp-content\/uploads\/2024\/07\/padlock_black-768x768.png 768w\" sizes=\"auto, (max-width: 800px) 100vw, 800px\" \/><\/figure>\n<\/div>\n\n\n<p class=\"has-text-align-center has-nv-dark-bg-color has-text-color has-link-color has-medium-font-size wp-elements-9c43c6b9d93559b94d05916bfc4510ce\"><strong>S\u00e9curit\u00e9<\/strong><\/p>\n\n\n\n<div class=\"wp-block-buttons is-content-justification-center is-layout-flex wp-container-core-buttons-is-layout-16018d1d wp-block-buttons-is-layout-flex\">\n<div class=\"wp-block-button is-style-primary\"><a class=\"wp-block-button__link has-nv-site-bg-color has-text-color has-link-color wp-element-button\" href=\"https:\/\/www.ancalagon.be\/?page_id=228\">En savoir plus<\/a><\/div>\n<\/div>\n\n\n\n<div style=\"height:36px\" aria-hidden=\"true\" class=\"wp-block-spacer\"><\/div>\n<\/div>\n\n\n\n<div class=\"wp-block-column is-layout-flow wp-block-column-is-layout-flow\"><div class=\"wp-block-image\">\n<figure class=\"aligncenter size-full is-resized\"><img loading=\"lazy\" decoding=\"async\" width=\"600\" height=\"569\" src=\"https:\/\/www.ancalagon.be\/wp-content\/uploads\/2024\/04\/rocket_logo.png\" alt=\"\" class=\"wp-image-217\" style=\"width:125px;height:auto\" srcset=\"https:\/\/www.ancalagon.be\/wp-content\/uploads\/2024\/04\/rocket_logo.png 600w, https:\/\/www.ancalagon.be\/wp-content\/uploads\/2024\/04\/rocket_logo-300x285.png 300w\" sizes=\"auto, (max-width: 600px) 100vw, 600px\" \/><\/figure>\n<\/div>\n\n\n<p class=\"has-text-align-center has-nv-dark-bg-color has-text-color has-link-color has-medium-font-size wp-elements-6e74bccb1c70e2470709e9c05edbfdad\"><strong>D\u00e9ploiement automatis\u00e9 ultra-rapide<\/strong><\/p>\n\n\n\n<div class=\"wp-block-buttons is-content-justification-center is-layout-flex wp-container-core-buttons-is-layout-16018d1d wp-block-buttons-is-layout-flex\">\n<div class=\"wp-block-button is-style-primary\"><a class=\"wp-block-button__link has-nv-site-bg-color has-text-color has-link-color wp-element-button\" href=\"https:\/\/www.ancalagon.be\/?page_id=238\">En savoir plus<\/a><\/div>\n<\/div>\n\n\n\n<div style=\"height:36px\" aria-hidden=\"true\" class=\"wp-block-spacer\"><\/div>\n<\/div>\n<\/div>\n\n\n\n<div class=\"wp-block-columns is-layout-flex wp-container-core-columns-is-layout-9d6595d7 wp-block-columns-is-layout-flex\">\n<div class=\"wp-block-column is-layout-flow wp-block-column-is-layout-flow\"><div class=\"wp-block-image\">\n<figure class=\"aligncenter size-full is-resized\"><img loading=\"lazy\" decoding=\"async\" width=\"5000\" height=\"3000\" src=\"https:\/\/www.ancalagon.be\/wp-content\/uploads\/2024\/07\/infinity_black.png\" alt=\"\" class=\"wp-image-431\" style=\"width:170px;height:auto\" srcset=\"https:\/\/www.ancalagon.be\/wp-content\/uploads\/2024\/07\/infinity_black.png 5000w, https:\/\/www.ancalagon.be\/wp-content\/uploads\/2024\/07\/infinity_black-300x180.png 300w, https:\/\/www.ancalagon.be\/wp-content\/uploads\/2024\/07\/infinity_black-1024x614.png 1024w, https:\/\/www.ancalagon.be\/wp-content\/uploads\/2024\/07\/infinity_black-768x461.png 768w, https:\/\/www.ancalagon.be\/wp-content\/uploads\/2024\/07\/infinity_black-1536x922.png 1536w, https:\/\/www.ancalagon.be\/wp-content\/uploads\/2024\/07\/infinity_black-2048x1229.png 2048w\" sizes=\"auto, (max-width: 5000px) 100vw, 5000px\" \/><\/figure>\n<\/div>\n\n\n<div style=\"height:15px\" aria-hidden=\"true\" class=\"wp-block-spacer\"><\/div>\n\n\n\n<p class=\"has-text-align-center has-nv-dark-bg-color has-text-color has-link-color has-medium-font-size wp-elements-e17729978eec837bf2cf99e006cc4bfa\"><strong>D\u00e9ploiement CI\/CD<\/strong><\/p>\n\n\n\n<div class=\"wp-block-buttons is-content-justification-center is-layout-flex wp-container-core-buttons-is-layout-16018d1d wp-block-buttons-is-layout-flex\">\n<div class=\"wp-block-button is-style-primary\"><a class=\"wp-block-button__link has-nv-site-bg-color has-text-color has-link-color wp-element-button\" href=\"https:\/\/www.ancalagon.be\/?page_id=234\">En savoir plus<\/a><\/div>\n<\/div>\n\n\n\n<div style=\"height:36px\" aria-hidden=\"true\" class=\"wp-block-spacer\"><\/div>\n<\/div>\n<\/div>\n<\/div><\/div>\n\n\n\n<div style=\"height:36px\" aria-hidden=\"true\" class=\"wp-block-spacer\"><\/div>\n","protected":false},"excerpt":{"rendered":"","protected":false},"author":2,"featured_media":0,"parent":0,"menu_order":0,"comment_status":"closed","ping_status":"closed","template":"","meta":{"neve_meta_sidebar":"","neve_meta_container":"","neve_meta_enable_content_width":"on","neve_meta_content_width":100,"neve_meta_title_alignment":"","neve_meta_author_avatar":"","neve_post_elements_order":"","neve_meta_disable_header":"","neve_meta_disable_footer":"","neve_meta_disable_title":"on","footnotes":""},"class_list":["post-11","page","type-page","status-publish","hentry"],"_links":{"self":[{"href":"https:\/\/www.ancalagon.be\/index.php?rest_route=\/wp\/v2\/pages\/11","targetHints":{"allow":["GET"]}}],"collection":[{"href":"https:\/\/www.ancalagon.be\/index.php?rest_route=\/wp\/v2\/pages"}],"about":[{"href":"https:\/\/www.ancalagon.be\/index.php?rest_route=\/wp\/v2\/types\/page"}],"author":[{"embeddable":true,"href":"https:\/\/www.ancalagon.be\/index.php?rest_route=\/wp\/v2\/users\/2"}],"replies":[{"embeddable":true,"href":"https:\/\/www.ancalagon.be\/index.php?rest_route=%2Fwp%2Fv2%2Fcomments&post=11"}],"version-history":[{"count":33,"href":"https:\/\/www.ancalagon.be\/index.php?rest_route=\/wp\/v2\/pages\/11\/revisions"}],"predecessor-version":[{"id":436,"href":"https:\/\/www.ancalagon.be\/index.php?rest_route=\/wp\/v2\/pages\/11\/revisions\/436"}],"wp:attachment":[{"href":"https:\/\/www.ancalagon.be\/index.php?rest_route=%2Fwp%2Fv2%2Fmedia&parent=11"}],"curies":[{"name":"wp","href":"https:\/\/api.w.org\/{rel}","templated":true}]}}